{"id":781,"date":"2014-08-18T14:12:04","date_gmt":"2014-08-18T14:12:04","guid":{"rendered":"http:\/\/supermegaplus.com\/WordPress3\/?page_id=781"},"modified":"2014-09-11T20:44:43","modified_gmt":"2014-09-11T20:44:43","slug":"2014-08-15-au-2014-08-17-prague","status":"publish","type":"page","link":"https:\/\/supermegaplus.com\/WordPress3\/?page_id=781","title":{"rendered":"2014 08 15 au 2014 08 17 : Prague"},"content":{"rendered":"<p>Pour les cinquante ans d&rsquo;Anne-France, Antoine avait pr\u00e9par\u00e9 un voyage surprise \u00e0 Prague. Anne-France\u00a0a d\u00e9couvert la destination dans le taxi qui nous conduisait \u00e0 l&rsquo;a\u00e9roport.<\/p>\n<p>Ce site permet de d\u00e9couvrir les photos et videos de ce Week-end en amoureux..<\/p>\n<p><img decoding=\"async\" loading=\"lazy\" src=\"http:\/\/upload.wikimedia.org\/wikipedia\/commons\/c\/ca\/Night_view_of_the_Castle_and_Charles_Bridge,_Prague_-_8034.jpg\" alt=\"\" width=\"4368\" height=\"2912\" \/><\/p>\n<p>Prague<\/p>\n<p style=\"text-align: center;\"><a title=\"2014-08-15 Prague jour 1\" href=\"https:\/\/supermegaplus.com\/WordPress3\/?p=1142\">Vendredi 15 ao\u00fbt 2014,<\/a><\/p>\n<p style=\"text-align: center;\"><a title=\"2014-08-16 Prague jour 2\" href=\"https:\/\/supermegaplus.com\/WordPress3\/?p=1147\">Samedi 16 Ao\u00fbt 2014,<\/a><\/p>\n<p style=\"text-align: center;\"><a title=\"2014-08-17 Prague jour 3\" href=\"https:\/\/supermegaplus.com\/WordPress3\/?p=1156\">dimanche 17 ao\u00fbt 2014.<\/a><\/p>\n<p>&nbsp;<\/p>\n","protected":false},"excerpt":{"rendered":"<p>Pour les cinquante ans d&rsquo;Anne-France, Antoine avait pr\u00e9par\u00e9 un voyage surprise \u00e0 Prague. Anne-France\u00a0a d\u00e9couvert la destination dans le taxi qui nous conduisait \u00e0 l&rsquo;a\u00e9roport. Ce site permet de d\u00e9couvrir les photos et videos de ce Week-end en amoureux.. Prague Vendredi 15 ao\u00fbt 2014, Samedi 16 Ao\u00fbt 2014, dimanche 17 ao\u00fbt 2014. &nbsp;<\/p>\n","protected":false},"author":2,"featured_media":0,"parent":778,"menu_order":0,"comment_status":"open","ping_status":"open","template":"","meta":{"footnotes":""},"_links":{"self":[{"href":"https:\/\/supermegaplus.com\/WordPress3\/index.php?rest_route=\/wp\/v2\/pages\/781"}],"collection":[{"href":"https:\/\/supermegaplus.com\/WordPress3\/index.php?rest_route=\/wp\/v2\/pages"}],"about":[{"href":"https:\/\/supermegaplus.com\/WordPress3\/index.php?rest_route=\/wp\/v2\/types\/page"}],"author":[{"embeddable":true,"href":"https:\/\/supermegaplus.com\/WordPress3\/index.php?rest_route=\/wp\/v2\/users\/2"}],"replies":[{"embeddable":true,"href":"https:\/\/supermegaplus.com\/WordPress3\/index.php?rest_route=%2Fwp%2Fv2%2Fcomments&post=781"}],"version-history":[{"count":5,"href":"https:\/\/supermegaplus.com\/WordPress3\/index.php?rest_route=\/wp\/v2\/pages\/781\/revisions"}],"predecessor-version":[{"id":1164,"href":"https:\/\/supermegaplus.com\/WordPress3\/index.php?rest_route=\/wp\/v2\/pages\/781\/revisions\/1164"}],"up":[{"embeddable":true,"href":"https:\/\/supermegaplus.com\/WordPress3\/index.php?rest_route=\/wp\/v2\/pages\/778"}],"wp:attachment":[{"href":"https:\/\/supermegaplus.com\/WordPress3\/index.php?rest_route=%2Fwp%2Fv2%2Fmedia&parent=781"}],"curies":[{"name":"wp","href":"https:\/\/api.w.org\/{rel}","templated":true}]}}