{"id":778,"date":"2014-08-18T14:05:06","date_gmt":"2014-08-18T14:05:06","guid":{"rendered":"http:\/\/supermegaplus.com\/WordPress3\/?page_id=778"},"modified":"2014-08-18T14:05:06","modified_gmt":"2014-08-18T14:05:06","slug":"2014-2","status":"publish","type":"page","link":"https:\/\/supermegaplus.com\/WordPress3\/?page_id=778","title":{"rendered":"2014"},"content":{"rendered":"<p>L&rsquo;ann\u00e9e 2014 a \u00e9t\u00e9 riche en voyages pour les Bardoux:<\/p>\n<p><a href=\"https:\/\/supermegaplus.com\/WordPress3\/wp-content\/uploads\/2014\/08\/2014-07-13-fuji-024.jpg\"><img decoding=\"async\" loading=\"lazy\" class=\"alignnone size-medium wp-image-147\" src=\"https:\/\/supermegaplus.com\/WordPress3\/wp-content\/uploads\/2014\/08\/2014-07-13-fuji-024-300x225.jpg\" alt=\"2014-07-13 fuji 024\" width=\"300\" height=\"225\" srcset=\"https:\/\/supermegaplus.com\/WordPress3\/wp-content\/uploads\/2014\/08\/2014-07-13-fuji-024-300x225.jpg 300w, https:\/\/supermegaplus.com\/WordPress3\/wp-content\/uploads\/2014\/08\/2014-07-13-fuji-024-1024x768.jpg 1024w, https:\/\/supermegaplus.com\/WordPress3\/wp-content\/uploads\/2014\/08\/2014-07-13-fuji-024.jpg 2048w\" sizes=\"(max-width: 300px) 100vw, 300px\" \/><\/a><\/p>\n<p><a href=\"https:\/\/supermegaplus.com\/WordPress3\/wp-content\/uploads\/2014\/08\/2014-07-25-fuji-004.jpg\"><img decoding=\"async\" loading=\"lazy\" class=\"alignnone size-medium wp-image-412\" src=\"https:\/\/supermegaplus.com\/WordPress3\/wp-content\/uploads\/2014\/08\/2014-07-25-fuji-004-300x225.jpg\" alt=\"2014-07-25 fuji 004\" width=\"300\" height=\"225\" srcset=\"https:\/\/supermegaplus.com\/WordPress3\/wp-content\/uploads\/2014\/08\/2014-07-25-fuji-004-300x225.jpg 300w, https:\/\/supermegaplus.com\/WordPress3\/wp-content\/uploads\/2014\/08\/2014-07-25-fuji-004-1024x768.jpg 1024w, https:\/\/supermegaplus.com\/WordPress3\/wp-content\/uploads\/2014\/08\/2014-07-25-fuji-004.jpg 2048w\" sizes=\"(max-width: 300px) 100vw, 300px\" \/><\/a><\/p>\n","protected":false},"excerpt":{"rendered":"<p>L&rsquo;ann\u00e9e 2014 a \u00e9t\u00e9 riche en voyages pour les Bardoux:<\/p>\n","protected":false},"author":2,"featured_media":0,"parent":0,"menu_order":0,"comment_status":"open","ping_status":"open","template":"","meta":{"footnotes":""},"_links":{"self":[{"href":"https:\/\/supermegaplus.com\/WordPress3\/index.php?rest_route=\/wp\/v2\/pages\/778"}],"collection":[{"href":"https:\/\/supermegaplus.com\/WordPress3\/index.php?rest_route=\/wp\/v2\/pages"}],"about":[{"href":"https:\/\/supermegaplus.com\/WordPress3\/index.php?rest_route=\/wp\/v2\/types\/page"}],"author":[{"embeddable":true,"href":"https:\/\/supermegaplus.com\/WordPress3\/index.php?rest_route=\/wp\/v2\/users\/2"}],"replies":[{"embeddable":true,"href":"https:\/\/supermegaplus.com\/WordPress3\/index.php?rest_route=%2Fwp%2Fv2%2Fcomments&post=778"}],"version-history":[{"count":1,"href":"https:\/\/supermegaplus.com\/WordPress3\/index.php?rest_route=\/wp\/v2\/pages\/778\/revisions"}],"predecessor-version":[{"id":779,"href":"https:\/\/supermegaplus.com\/WordPress3\/index.php?rest_route=\/wp\/v2\/pages\/778\/revisions\/779"}],"wp:attachment":[{"href":"https:\/\/supermegaplus.com\/WordPress3\/index.php?rest_route=%2Fwp%2Fv2%2Fmedia&parent=778"}],"curies":[{"name":"wp","href":"https:\/\/api.w.org\/{rel}","templated":true}]}}