{"id":690,"date":"2014-08-11T17:05:34","date_gmt":"2014-08-11T17:05:34","guid":{"rendered":"http:\/\/supermegaplus.com\/WordPress3\/?page_id=690"},"modified":"2023-10-20T10:29:34","modified_gmt":"2023-10-20T10:29:34","slug":"accueil","status":"publish","type":"page","link":"https:\/\/supermegaplus.com\/WordPress3\/","title":{"rendered":"Le Blog des Bardoux"},"content":{"rendered":"\n<address style=\"text-align: center;\"><span style=\"text-decoration: underline;\"><span style=\"color: #000080; text-decoration: underline;\">Bonjour visiteur<\/span><\/span><\/address>\n\n\n\n<p class=\"has-text-align-center\">Ce site constitue le blog \u00e9v\u00e9nementiel des \u00a0Bardoux<\/p>\n\n\n\n<p><span style=\"text-decoration: underline;\"><strong>2023:<\/strong><\/span><\/p>\n\n\n\n<p>Septembre 2023 : <a href=\"https:\/\/supermegaplus.com\/WordPress3\/?page_id=5210\" data-type=\"page\" data-id=\"5210\">Vendanges chez jean-Baptiste S\u00e9nat<\/a><\/p>\n\n\n\n<p>Mai-juin  2023 : <a href=\"https:\/\/supermegaplus.com\/WordPress3\/?page_id=4771\" data-type=\"page\" data-id=\"4771\">Budapest en famille<\/a><\/p>\n\n\n\n<p>Mai 2023 : <a href=\"https:\/\/supermegaplus.com\/WordPress3\/?page_id=4651\" data-type=\"page\" data-id=\"4651\">La loire \u00e0 v\u00e9lo<\/a><\/p>\n\n\n\n<p><span style=\"text-decoration: underline;\"><strong>2022:<\/strong><\/span><\/p>\n\n\n\n<p>Juin 2022 : <a href=\"https:\/\/supermegaplus.com\/WordPress3\/?page_id=3199\">Cr\u00e8te<\/a><\/p>\n\n\n\n<p>Aout 2022 : <a href=\"https:\/\/supermegaplus.com\/WordPress3\/?page_id=3667\">Les Cinque Terre<\/a><\/p>\n\n\n\n<p>Septembre 2022 : <a href=\"https:\/\/supermegaplus.com\/WordPress3\/?page_id=3669\">30 ans de mariage<\/a><\/p>\n\n\n\n<p><span style=\"text-decoration: underline;\"><strong>2019:<\/strong><\/span><\/p>\n\n\n\n<p>Mars 2019 : <a href=\"https:\/\/supermegaplus.com\/WordPress3\/?p=2644\">St Petersbourg<\/a><\/p>\n\n\n\n<p>Mai 2019 : <a href=\"https:\/\/supermegaplus.com\/WordPress3\/?p=2815\">Lisbonne&nbsp;<\/a><\/p>\n\n\n\n<p>Aout 2019 : <a href=\"https:\/\/supermegaplus.com\/WordPress3\/?page_id=3095\">Stockholm<\/a><\/p>\n\n\n\n<p class=\"has-text-align-left\"><strong><span style=\"text-decoration: underline;\">2018:<\/span><\/strong><\/p>\n\n\n\n<p>Decembre 2018 : Barcelone<\/p>\n\n\n\n<p>Novembre 2018 : New York<\/p>\n\n\n\n<p>Mai-Juin 2018 : <a href=\"https:\/\/supermegaplus.com\/WordPress3\/?page_id=2207\">Croatie et Montenegro<\/a><\/p>\n\n\n\n<p>We du 16-17 juin : <a href=\"https:\/\/supermegaplus.com\/WordPress3\/?page_id=2554\">Berlin<\/a><\/p>\n\n\n\n<p class=\"has-text-align-left\"><strong><span style=\"text-decoration: underline;\">2017:<\/span><\/strong><\/p>\n\n\n\n<p>Juillet 2017 : <a href=\"https:\/\/supermegaplus.com\/WordPress3\/?page_id=2098\">Royan<\/a><\/p>\n\n\n\n<p class=\"has-text-align-left\">Mai 2017 : <a href=\"https:\/\/supermegaplus.com\/WordPress3\/?page_id=2051\">Visite de la cote Amalfitaine (Italie)<\/a><\/p>\n\n\n\n<p class=\"has-text-align-left\"><strong><span style=\"text-decoration: underline;\">2016:<\/span><\/strong><\/p>\n\n\n\n<p class=\"has-text-align-left\">Mars 2016 : <a href=\"https:\/\/supermegaplus.com\/WordPress3\/?p=1685\">Ski aux Arcs 1800<\/a><\/p>\n\n\n\n<p class=\"has-text-align-left\"><strong><span style=\"text-decoration: underline;\">2015:<\/span><\/strong><\/p>\n\n\n\n<p class=\"has-text-align-left\">11 D\u00e9cembre : <a href=\"https:\/\/supermegaplus.com\/WordPress3\/?page_id=1666\">D\u00e9c\u00e8s de Papyves<\/a><\/p>\n\n\n\n<p class=\"has-text-align-left\">19 septembre : <a href=\"https:\/\/supermegaplus.com\/WordPress3\/?page_id=1640\">We en bourgogne<\/a><\/p>\n\n\n\n<p class=\"has-text-align-left\">24 Ao\u00fbt au 28 Ao\u00fbt : <a href=\"https:\/\/supermegaplus.com\/WordPress3\/?page_id=1464\">Voyage en Irlande<\/a><\/p>\n\n\n\n<p class=\"has-text-align-left\">07Juin: <a href=\"https:\/\/supermegaplus.com\/WordPress3\/?p=1451\">Saut en parachute de Valentin et Nicolas<\/a><\/p>\n\n\n\n<p class=\"has-text-align-left\">11\/12 Avril : <a title=\"80 ans de grand papa\" href=\"https:\/\/supermegaplus.com\/WordPress3\/?page_id=1427\">80 ans de grand papa<\/a><\/p>\n\n\n\n<p class=\"has-text-align-left\">31 janvier : <a title=\"Des Chiots pour Gibson\u2026\" href=\"https:\/\/supermegaplus.com\/WordPress3\/?page_id=1260\">Naissance des chiots de Gibson<\/a><\/p>\n\n\n\n<p class=\"has-text-align-left\">01 Janvier 2015 :&nbsp;<a title=\"Teuf d\u2019enfer chez Jacques\" href=\"https:\/\/supermegaplus.com\/WordPress3\/?page_id=1241\">Teuf d&rsquo;enfer chez Jacques<\/a><\/p>\n\n\n\n<p class=\"has-text-align-left\"><strong><span style=\"text-decoration: underline;\">2014 :<\/span><\/strong><\/p>\n\n\n\n<p class=\"has-text-align-left\"><span style=\"text-decoration: underline;\"><strong>du 5 juillet au 19 juillet<\/strong> <\/span>: <a title=\"2014 07 05 au 2014 07 19 : USA, Long Island, New York et Boston\" href=\"https:\/\/supermegaplus.com\/WordPress3\/?page_id=611\">USA (Long Island, New York, Boston)<\/a><\/p>\n\n\n\n<p class=\"has-text-align-left\"><span style=\"text-decoration: underline;\"><strong>du 20 juillet au 02 Ao\u00fbt:<\/strong><\/span> <a title=\"2014 07 20 au 2014 08 01 : Qu\u00e9bec\" href=\"https:\/\/supermegaplus.com\/WordPress3\/?page_id=682\">Qu\u00e9bec (Montr\u00e9al, Trois rivi\u00e8res, Qu\u00e9bec, La Malbaie, Tadoussac, Saguenay)<\/a><\/p>\n\n\n\n<p class=\"has-text-align-left\"><span style=\"text-decoration: underline;\"><strong>du 15 au 17 Aout<\/strong><\/span> : <a title=\"2014 08 15 au 2014 08 17 : Prague\" href=\"https:\/\/supermegaplus.com\/WordPress3\/?page_id=781\">Prague<\/a><\/p>\n\n\n\n<p class=\"has-text-align-left\"><span style=\"text-decoration: underline;\"><strong>du 12 au 14 D\u00e9cembre :<\/strong><\/span> <a title=\"2014 12 12 au 2014 12 14 : Florence\" href=\"https:\/\/supermegaplus.com\/WordPress3\/?page_id=1171\">Florence<\/a><\/p>\n\n\n\n<p class=\"has-text-align-center\">Cher visiteur, tu pourras t&rsquo;enregistrer pour faire des commentaires<\/p>\n\n\n\n<p class=\"has-text-align-center\">Antoine<\/p>\n\n\n\n<figure class=\"wp-block-image\"><a href=\"https:\/\/supermegaplus.com\/WordPress3\/wp-content\/uploads\/2022\/07\/20220726_111352_resize.jpg\"><img decoding=\"async\" loading=\"lazy\" width=\"179\" height=\"300\" src=\"https:\/\/supermegaplus.com\/WordPress3\/wp-content\/uploads\/2022\/07\/20220726_111352_resize-179x300.jpg\" alt=\"\" class=\"wp-image-3662\" srcset=\"https:\/\/supermegaplus.com\/WordPress3\/wp-content\/uploads\/2022\/07\/20220726_111352_resize-179x300.jpg 179w, https:\/\/supermegaplus.com\/WordPress3\/wp-content\/uploads\/2022\/07\/20220726_111352_resize-612x1024.jpg 612w, https:\/\/supermegaplus.com\/WordPress3\/wp-content\/uploads\/2022\/07\/20220726_111352_resize-768x1285.jpg 768w, https:\/\/supermegaplus.com\/WordPress3\/wp-content\/uploads\/2022\/07\/20220726_111352_resize-918x1536.jpg 918w, https:\/\/supermegaplus.com\/WordPress3\/wp-content\/uploads\/2022\/07\/20220726_111352_resize-1224x2048.jpg 1224w, https:\/\/supermegaplus.com\/WordPress3\/wp-content\/uploads\/2022\/07\/20220726_111352_resize.jpg 1336w\" sizes=\"(max-width: 179px) 100vw, 179px\" \/><\/a><\/figure>\n\n\n\n<p class=\"has-text-align-center\"><\/p>\n","protected":false},"excerpt":{"rendered":"<p>Bonjour visiteur Ce site constitue le blog \u00e9v\u00e9nementiel des \u00a0Bardoux 2023: Septembre 2023 : Vendanges chez jean-Baptiste S\u00e9nat Mai-juin 2023 : Budapest en famille Mai 2023 : La loire \u00e0 v\u00e9lo 2022: Juin 2022 : Cr\u00e8te Aout 2022 : Les Cinque Terre Septembre 2022 : 30 ans de mariage 2019: Mars 2019 : St Petersbourg &hellip; <a href=\"https:\/\/supermegaplus.com\/WordPress3\/\" class=\"more-link\">Continuer la lecture de <span class=\"screen-reader-text\">Le Blog des Bardoux<\/span>  <span class=\"meta-nav\">&rarr;<\/span><\/a><\/p>\n","protected":false},"author":2,"featured_media":0,"parent":0,"menu_order":0,"comment_status":"open","ping_status":"open","template":"page-templates\/full-width.php","meta":{"footnotes":""},"_links":{"self":[{"href":"https:\/\/supermegaplus.com\/WordPress3\/index.php?rest_route=\/wp\/v2\/pages\/690"}],"collection":[{"href":"https:\/\/supermegaplus.com\/WordPress3\/index.php?rest_route=\/wp\/v2\/pages"}],"about":[{"href":"https:\/\/supermegaplus.com\/WordPress3\/index.php?rest_route=\/wp\/v2\/types\/page"}],"author":[{"embeddable":true,"href":"https:\/\/supermegaplus.com\/WordPress3\/index.php?rest_route=\/wp\/v2\/users\/2"}],"replies":[{"embeddable":true,"href":"https:\/\/supermegaplus.com\/WordPress3\/index.php?rest_route=%2Fwp%2Fv2%2Fcomments&post=690"}],"version-history":[{"count":28,"href":"https:\/\/supermegaplus.com\/WordPress3\/index.php?rest_route=\/wp\/v2\/pages\/690\/revisions"}],"predecessor-version":[{"id":5354,"href":"https:\/\/supermegaplus.com\/WordPress3\/index.php?rest_route=\/wp\/v2\/pages\/690\/revisions\/5354"}],"wp:attachment":[{"href":"https:\/\/supermegaplus.com\/WordPress3\/index.php?rest_route=%2Fwp%2Fv2%2Fmedia&parent=690"}],"curies":[{"name":"wp","href":"https:\/\/api.w.org\/{rel}","templated":true}]}}