{"id":682,"date":"2014-08-11T16:32:00","date_gmt":"2014-08-11T16:32:00","guid":{"rendered":"http:\/\/supermegaplus.com\/WordPress3\/?page_id=682"},"modified":"2014-08-18T14:05:37","modified_gmt":"2014-08-18T14:05:37","slug":"quebec","status":"publish","type":"page","link":"https:\/\/supermegaplus.com\/WordPress3\/?page_id=682","title":{"rendered":"2014 07 20 au 2014 08 01 : Qu\u00e9bec"},"content":{"rendered":"<p>Nous tenons \u00e0 remercier J\u00e9r\u00f4me et St\u00e9phanie qui nous ont accueilli 3 jours dans leur maison bien qu&rsquo;ils pr\u00e9paraient leur mariage et vaquaient \u00e0 leur travail quotidien et s&rsquo;occupaient en m\u00eame temps des enfants.<\/p>\n<p>Notre voyage au Qu\u00e9bec s&rsquo;est d\u00e9roul\u00e9 du 20 juillet au 1 aout 2014 par l&rsquo;itin\u00e9raire suivant :<br \/>\n<iframe loading=\"lazy\" style=\"border: 0;\" src=\"https:\/\/www.google.com\/maps\/embed?pb=!1m77!1m12!1m3!1d1393873.5896764253!2d-73.68036603571167!3d46.97329376990807!2m3!1f0!2f0!3f0!3m2!1i1024!2i768!4f13.1!4m62!1i0!3e0!4m5!1s0x4cc91a541c64b70d%3A0x654e3138211fefef!2zTW9udHLDqWFsLCBRQywgQ2FuYWRh!3m2!1d45.5086699!2d-73.55399249999999!4m5!1s0x4cc659793eb6061d%3A0xd62fd5355a28ef7f!2sSaint-Jean-des-Piles%2C+Shawinigan%2C+QC%2C+Canada!3m2!1d46.6920127!2d-72.7405303!4m5!1s0x4cc7c8cfcf1f467d%3A0xb9d6b0325e28c3d2!2sTrois-Rivi%C3%A8res%2C+QC%2C+Canada!3m2!1d46.3432397!2d-72.54328339999999!4m5!1s0x4cb8968a05db8893%3A0x8fc52d63f0e83a03!2zUXXDqWJlYywgUUMsIENhbmFkYQ!3m2!1d46.803282599999996!2d-71.242796!4m5!1s0x4cbfaea85b495bf1%3A0x49d51409f4933cb5!2sLa+Malbaie%2C+QC%2C+Canada!3m2!1d47.6569684!2d-70.152187!4m5!1s0x4cbfd5c05f904ecb%3A0x1343833432cb9559!2sTadoussac%2C+QC%2C+Canada!3m2!1d48.145977599999995!2d-69.7128395!4m5!1s0x4c959dad0b5efd7d%3A0x5e175cb13280df6f!2sLes+Escoumins%2C+QC%2C+Canada!3m2!1d48.347766!2d-69.40573499999999!4m5!1s0x4cc1cfb9e5659e5f%3A0xd8c1c85663ff7aff!2sH%C3%A9bertville%2C+QC%2C+Canada!3m2!1d48.3357959!2d-71.6609379!4m5!1s0x4cb8968a05db8893%3A0x8fc52d63f0e83a03!2zUXXDqWJlYywgUUMsIENhbmFkYQ!3m2!1d46.803282599999996!2d-71.242796!4m5!1s0x4cc91a541c64b70d%3A0x654e3138211fefef!2zTW9udHLDqWFsLCBRQywgQ2FuYWRh!3m2!1d45.5086699!2d-73.55399249999999!5e0!3m2!1sfr!2sfr!4v1407774292102\" width=\"600\" height=\"450\" frameborder=\"0\"><\/iframe><\/p>\n<p><a title=\"2014-07-20 \u2013 Montr\u00e9al Arriv\u00e9e\" href=\"https:\/\/supermegaplus.com\/WordPress3\/?p=640\">Dimanche 20 juillet,<\/a> <a title=\"2014-07-21 \u2013 Montr\u00e9al\" href=\"https:\/\/supermegaplus.com\/WordPress3\/?p=642\">Lundi 21 juillet<\/a>, <a title=\"2014-07-22 \u2013 Montr\u00e9al bio d\u00f4me\" href=\"https:\/\/supermegaplus.com\/WordPress3\/?p=644\">mardi 22 juillet<\/a>, <a title=\"2014-07-23 \u2013 3 rivi\u00e8res\" href=\"https:\/\/supermegaplus.com\/WordPress3\/?p=646\">mercredi 23 juillet<\/a>, j<a title=\"2014-07-24 \u2013 Quebec jour 1\" href=\"https:\/\/supermegaplus.com\/WordPress3\/?p=648\">eudi 24 juillet<\/a>, <a title=\"2014-07-25 \u2013 Quebec jour 2\" href=\"https:\/\/supermegaplus.com\/WordPress3\/?p=650\">vendredi 25 juillet<\/a>, <a title=\"2014-07-26 \u2013 Quebec jour 3\" href=\"https:\/\/supermegaplus.com\/WordPress3\/?p=652\">samedi 26 juillet<\/a>, <a title=\"2014-07-27 \u2013 La Malbaie\" href=\"https:\/\/supermegaplus.com\/WordPress3\/?p=658\">dimanche 27 juillet<\/a>, <a title=\"2014-07-28 \u2013 Tadoussac\" href=\"https:\/\/supermegaplus.com\/WordPress3\/?p=662\">lundi 28 juillet<\/a>, <a title=\"2014-07-29 \u2013 Bergeronnes \u2013 baleines\" href=\"https:\/\/supermegaplus.com\/WordPress3\/?p=667\">mardi 29 juillet<\/a>, <a title=\"2014-07-30 \u2013 Lac St Jean \u2013 Zoo St Felicien\" href=\"https:\/\/supermegaplus.com\/WordPress3\/?p=669\">mercredi 30 juillet<\/a>, <a title=\"2014-07-31 \u2013 Saumon et retour quebec\" href=\"https:\/\/supermegaplus.com\/WordPress3\/?p=671\">jeudi 31 juillet<\/a>, <a title=\"2014-08-01 \u2013 Chutes de Montmorency et retour Montreal\" href=\"https:\/\/supermegaplus.com\/WordPress3\/?p=676\">vendredi 01 aout<\/a><\/p>\n","protected":false},"excerpt":{"rendered":"<p>Nous tenons \u00e0 remercier J\u00e9r\u00f4me et St\u00e9phanie qui nous ont accueilli 3 jours dans leur maison bien qu&rsquo;ils pr\u00e9paraient leur mariage et vaquaient \u00e0 leur travail quotidien et s&rsquo;occupaient en m\u00eame temps des enfants. Notre voyage au Qu\u00e9bec s&rsquo;est d\u00e9roul\u00e9 du 20 juillet au 1 aout 2014 par l&rsquo;itin\u00e9raire suivant : Dimanche 20 juillet, Lundi &hellip; <a href=\"https:\/\/supermegaplus.com\/WordPress3\/?page_id=682\" class=\"more-link\">Continuer la lecture de <span class=\"screen-reader-text\">2014 07 20 au 2014 08 01 : Qu\u00e9bec<\/span>  <span class=\"meta-nav\">&rarr;<\/span><\/a><\/p>\n","protected":false},"author":2,"featured_media":413,"parent":778,"menu_order":0,"comment_status":"open","ping_status":"closed","template":"","meta":{"footnotes":""},"_links":{"self":[{"href":"https:\/\/supermegaplus.com\/WordPress3\/index.php?rest_route=\/wp\/v2\/pages\/682"}],"collection":[{"href":"https:\/\/supermegaplus.com\/WordPress3\/index.php?rest_route=\/wp\/v2\/pages"}],"about":[{"href":"https:\/\/supermegaplus.com\/WordPress3\/index.php?rest_route=\/wp\/v2\/types\/page"}],"author":[{"embeddable":true,"href":"https:\/\/supermegaplus.com\/WordPress3\/index.php?rest_route=\/wp\/v2\/users\/2"}],"replies":[{"embeddable":true,"href":"https:\/\/supermegaplus.com\/WordPress3\/index.php?rest_route=%2Fwp%2Fv2%2Fcomments&post=682"}],"version-history":[{"count":4,"href":"https:\/\/supermegaplus.com\/WordPress3\/index.php?rest_route=\/wp\/v2\/pages\/682\/revisions"}],"predecessor-version":[{"id":685,"href":"https:\/\/supermegaplus.com\/WordPress3\/index.php?rest_route=\/wp\/v2\/pages\/682\/revisions\/685"}],"up":[{"embeddable":true,"href":"https:\/\/supermegaplus.com\/WordPress3\/index.php?rest_route=\/wp\/v2\/pages\/778"}],"wp:featuredmedia":[{"embeddable":true,"href":"https:\/\/supermegaplus.com\/WordPress3\/index.php?rest_route=\/wp\/v2\/media\/413"}],"wp:attachment":[{"href":"https:\/\/supermegaplus.com\/WordPress3\/index.php?rest_route=%2Fwp%2Fv2%2Fmedia&parent=682"}],"curies":[{"name":"wp","href":"https:\/\/api.w.org\/{rel}","templated":true}]}}