{"id":611,"date":"2014-08-06T17:18:26","date_gmt":"2014-08-06T17:18:26","guid":{"rendered":"http:\/\/supermegaplus.com\/WordPress3\/?page_id=611"},"modified":"2014-08-18T14:05:25","modified_gmt":"2014-08-18T14:05:25","slug":"2014-new-york-long-island","status":"publish","type":"page","link":"https:\/\/supermegaplus.com\/WordPress3\/?page_id=611","title":{"rendered":"2014 07 05 au 2014 07 19 : USA, Long Island, New York et Boston"},"content":{"rendered":"<p>Nous tenons \u00e0 remercier C\u00e9cile et Charlie qui nous ont h\u00e9berg\u00e9 pendant deux semaine \u00e0 NY et Lookout Point. Ce fut un plaisir\u00a0de passer ces quelques jours avec eux.<\/p>\n<p>voici l\u2019itin\u00e9raire que nous avons suivi :<br \/>\n<iframe loading=\"lazy\" style=\"border: 0;\" src=\"https:\/\/www.google.com\/maps\/embed?pb=!1m41!1m12!1m3!1d1530577.012982265!2d-73.63002413461369!3d41.473748645093764!2m3!1f0!2f0!3f0!3m2!1i1024!2i768!4f13.1!4m26!1i0!3e0!4m5!1s0x89c27a1250e037e9%3A0x7158271d95528e0!2sPoint+Lookout%2C+NY%2C+%C3%89tats-Unis!3m2!1d40.5923255!2d-73.58068399999999!4m5!1s0x89c24fa5d33f083b%3A0xc80b8f06e177fe62!2sNew+York%2C+%C3%89tat+de+New+York%2C+%C3%89tats-Unis!3m2!1d40.712783699999996!2d-74.0059413!4m5!1s0x89e3652d0d3d311b%3A0x787cbf240162e8a0!2sBoston%2C+Massachusetts%2C+%C3%89tats-Unis!3m2!1d42.3584308!2d-71.0597732!4m5!1s0x89c24fa5d33f083b%3A0xc80b8f06e177fe62!2sNew+York%2C+%C3%89tat+de+New+York%2C+%C3%89tats-Unis!3m2!1d40.712783699999996!2d-74.0059413!5e0!3m2!1sfr!2sfr!4v1407776234409\" width=\"600\" height=\"450\" frameborder=\"0\"><\/iframe><\/p>\n<p><a title=\"2014-07-05 D\u00e9part pour New York\" href=\"https:\/\/supermegaplus.com\/WordPress3\/?p=11\">Samedi 5 juillet,<\/a> <a title=\"2014-07-06 dimanche plage\" href=\"https:\/\/supermegaplus.com\/WordPress3\/?p=25\">dimanche 6 juillet<\/a>, <a title=\"2014-07-07 Lundi garde d\u00a0\u00bbenfants\" href=\"https:\/\/supermegaplus.com\/WordPress3\/?p=542\">lundi 7 juillet<\/a>, <a title=\"2014-07-08 Oyster bay\" href=\"https:\/\/supermegaplus.com\/WordPress3\/?p=544\">mardi 8 juillet<\/a>, <a title=\"2014-07-09 New York\" href=\"https:\/\/supermegaplus.com\/WordPress3\/?p=550\">mercredi 9 juillet<\/a>, <a title=\"2014-07-10 Jones beach\" href=\"https:\/\/supermegaplus.com\/WordPress3\/?p=553\">jeudi 10 juillet<\/a>, <a title=\"2014-07-11 Accrobranche\" href=\"https:\/\/supermegaplus.com\/WordPress3\/?p=597\">vendredi 11 juillet<\/a>, <a title=\"2014-07-12 New York\" href=\"https:\/\/supermegaplus.com\/WordPress3\/?p=599\">samedi 12 juillet<\/a>, <a title=\"2014-07-13 NY a v\u00e9lo\" href=\"https:\/\/supermegaplus.com\/WordPress3\/?p=603\">dimanche 13 juillet<\/a>, <a title=\"2014-07-14 NY \u2013 MET\" href=\"https:\/\/supermegaplus.com\/WordPress3\/?p=614\">lundi 14 juillet<\/a>, <a title=\"2014-07-15 NY \u2013 SOHO\" href=\"https:\/\/supermegaplus.com\/WordPress3\/?p=623\">mardi 15 juillet<\/a>, <a title=\"2014-07-16 NY \u2013 Greenwich Village\" href=\"https:\/\/supermegaplus.com\/WordPress3\/?p=627\">mercredi 16 juillet<\/a>, <a title=\"2014-07-17 \u2013 Boston premier jour\" href=\"https:\/\/supermegaplus.com\/WordPress3\/?p=629\">jeudi 17 juillet<\/a>, <a title=\"2014-07-18 \u2013 Boston \u2013 deuxi\u00e8me jour\" href=\"https:\/\/supermegaplus.com\/WordPress3\/?p=634\">vendredi 18 juillet<\/a>, <a title=\"2014-07-19 \u2013 Boston troisi\u00e8me jour\" href=\"https:\/\/supermegaplus.com\/WordPress3\/?p=638\">samedi 19 juillet<\/a><\/p>\n<p>&nbsp;<\/p>\n","protected":false},"excerpt":{"rendered":"<p>Nous tenons \u00e0 remercier C\u00e9cile et Charlie qui nous ont h\u00e9berg\u00e9 pendant deux semaine \u00e0 NY et Lookout Point. Ce fut un plaisir\u00a0de passer ces quelques jours avec eux. voici l\u2019itin\u00e9raire que nous avons suivi : Samedi 5 juillet, dimanche 6 juillet, lundi 7 juillet, mardi 8 juillet, mercredi 9 juillet, jeudi 10 juillet, vendredi &hellip; <a href=\"https:\/\/supermegaplus.com\/WordPress3\/?page_id=611\" class=\"more-link\">Continuer la lecture de <span class=\"screen-reader-text\">2014 07 05 au 2014 07 19 : USA, Long Island, New York et Boston<\/span>  <span class=\"meta-nav\">&rarr;<\/span><\/a><\/p>\n","protected":false},"author":2,"featured_media":148,"parent":778,"menu_order":0,"comment_status":"open","ping_status":"closed","template":"","meta":{"footnotes":""},"_links":{"self":[{"href":"https:\/\/supermegaplus.com\/WordPress3\/index.php?rest_route=\/wp\/v2\/pages\/611"}],"collection":[{"href":"https:\/\/supermegaplus.com\/WordPress3\/index.php?rest_route=\/wp\/v2\/pages"}],"about":[{"href":"https:\/\/supermegaplus.com\/WordPress3\/index.php?rest_route=\/wp\/v2\/types\/page"}],"author":[{"embeddable":true,"href":"https:\/\/supermegaplus.com\/WordPress3\/index.php?rest_route=\/wp\/v2\/users\/2"}],"replies":[{"embeddable":true,"href":"https:\/\/supermegaplus.com\/WordPress3\/index.php?rest_route=%2Fwp%2Fv2%2Fcomments&post=611"}],"version-history":[{"count":5,"href":"https:\/\/supermegaplus.com\/WordPress3\/index.php?rest_route=\/wp\/v2\/pages\/611\/revisions"}],"predecessor-version":[{"id":689,"href":"https:\/\/supermegaplus.com\/WordPress3\/index.php?rest_route=\/wp\/v2\/pages\/611\/revisions\/689"}],"up":[{"embeddable":true,"href":"https:\/\/supermegaplus.com\/WordPress3\/index.php?rest_route=\/wp\/v2\/pages\/778"}],"wp:featuredmedia":[{"embeddable":true,"href":"https:\/\/supermegaplus.com\/WordPress3\/index.php?rest_route=\/wp\/v2\/media\/148"}],"wp:attachment":[{"href":"https:\/\/supermegaplus.com\/WordPress3\/index.php?rest_route=%2Fwp%2Fv2%2Fmedia&parent=611"}],"curies":[{"name":"wp","href":"https:\/\/api.w.org\/{rel}","templated":true}]}}