{"id":5210,"date":"2023-10-03T09:10:17","date_gmt":"2023-10-03T09:10:17","guid":{"rendered":"https:\/\/supermegaplus.com\/WordPress3\/?page_id=5210"},"modified":"2023-10-03T22:28:10","modified_gmt":"2023-10-03T22:28:10","slug":"vendanges-2023","status":"publish","type":"page","link":"https:\/\/supermegaplus.com\/WordPress3\/?page_id=5210","title":{"rendered":"Vendanges 2023"},"content":{"rendered":"\n<p>Depuis des ann\u00e9es, je r\u00eavais de faire les vendanges. H\u00e9las, quand vous avez un travail prenant, c&rsquo;est difficile pendant toute votre vie professionnelle de trouver un cr\u00e9neau libre en septembre.<\/p>\n\n\n\n<p>Pendant ma premi\u00e8re ann\u00e9e de retraite, j&rsquo;ai d\u00e9cid\u00e9 de participer \u00e0 des vendanges, et j&rsquo;ai demand\u00e9 lors d&rsquo;un salon (Villebarou) \u00e0 un viticulteur dont j&rsquo;adore les vins depuis plus de quinze ans : Jean-Baptiste S\u00e9nat, s&rsquo;il avait besoin de main d&rsquo;\u0153uvre.<\/p>\n\n\n\n<p>La r\u00e9ponse fut positive, et je pris contact d\u00e8s le mois de juin pour organiser cette p\u00e9riode. La difficult\u00e9 est que les dates de vendange ne sont pas fixes et d\u00e9pendent de la m\u00e9t\u00e9o et du choix du viticulteur, en g\u00e9n\u00e9ral a la fin aout.<\/p>\n\n\n\n<p>J&rsquo;avais opt\u00e9 pour ne pas faire la totalit\u00e9 des vendanges (seulement 15 jours) car ma femme qui travaille devait garder le chien, ce qui \u00e9tait relativement compliqu\u00e9 quand on a des horaires \u00e0 rallonge. LA prochaine fois j&#8217;emm\u00e8nerai le chien ce qui sera beaucoup plus simple.<\/p>\n\n\n\n<p>Si les vendanges ont commenc\u00e9 vers le 26 Aout, je n&rsquo;ai rejoint le domaine que le 10 septembre alors que les vendanges battaient leur plein depuis deux semaines.<\/p>\n\n\n\n<p><strong>Je tenais a remercier particuli\u00e8rement Charlotte et Jean Baptiste S\u00e9nat pour leur accueil et leur gentillesse<\/strong>.<\/p>\n\n\n\n<figure class=\"wp-block-image size-full\"><a href=\"https:\/\/supermegaplus.com\/WordPress3\/wp-content\/uploads\/2023\/10\/image-2.png\"><img decoding=\"async\" loading=\"lazy\" width=\"1024\" height=\"683\" src=\"https:\/\/supermegaplus.com\/WordPress3\/wp-content\/uploads\/2023\/10\/image-2.png\" alt=\"L\u2019attribut alt de cette image est vide, son nom de fichier est image-1024x683.png.\" class=\"wp-image-5350\" srcset=\"https:\/\/supermegaplus.com\/WordPress3\/wp-content\/uploads\/2023\/10\/image-2.png 1024w, https:\/\/supermegaplus.com\/WordPress3\/wp-content\/uploads\/2023\/10\/image-2-300x200.png 300w, https:\/\/supermegaplus.com\/WordPress3\/wp-content\/uploads\/2023\/10\/image-2-768x512.png 768w\" sizes=\"(max-width: 1024px) 100vw, 1024px\" \/><\/a><\/figure>\n\n\n\n<p><a href=\"https:\/\/supermegaplus.com\/WordPress3\/?p=5337\" data-type=\"post\" data-id=\"5337\">Mon Exp\u00e9rience des vendanges<\/a><\/p>\n","protected":false},"excerpt":{"rendered":"<p>Depuis des ann\u00e9es, je r\u00eavais de faire les vendanges. H\u00e9las, quand vous avez un travail prenant, c&rsquo;est difficile pendant toute votre vie professionnelle de trouver un cr\u00e9neau libre en septembre. Pendant ma premi\u00e8re ann\u00e9e de retraite, j&rsquo;ai d\u00e9cid\u00e9 de participer \u00e0 des vendanges, et j&rsquo;ai demand\u00e9 lors d&rsquo;un salon (Villebarou) \u00e0 un viticulteur dont j&rsquo;adore &hellip; <a href=\"https:\/\/supermegaplus.com\/WordPress3\/?page_id=5210\" class=\"more-link\">Continuer la lecture de <span class=\"screen-reader-text\">Vendanges 2023<\/span>  <span class=\"meta-nav\">&rarr;<\/span><\/a><\/p>\n","protected":false},"author":2,"featured_media":5308,"parent":4649,"menu_order":0,"comment_status":"closed","ping_status":"closed","template":"","meta":{"footnotes":""},"_links":{"self":[{"href":"https:\/\/supermegaplus.com\/WordPress3\/index.php?rest_route=\/wp\/v2\/pages\/5210"}],"collection":[{"href":"https:\/\/supermegaplus.com\/WordPress3\/index.php?rest_route=\/wp\/v2\/pages"}],"about":[{"href":"https:\/\/supermegaplus.com\/WordPress3\/index.php?rest_route=\/wp\/v2\/types\/page"}],"author":[{"embeddable":true,"href":"https:\/\/supermegaplus.com\/WordPress3\/index.php?rest_route=\/wp\/v2\/users\/2"}],"replies":[{"embeddable":true,"href":"https:\/\/supermegaplus.com\/WordPress3\/index.php?rest_route=%2Fwp%2Fv2%2Fcomments&post=5210"}],"version-history":[{"count":4,"href":"https:\/\/supermegaplus.com\/WordPress3\/index.php?rest_route=\/wp\/v2\/pages\/5210\/revisions"}],"predecessor-version":[{"id":5351,"href":"https:\/\/supermegaplus.com\/WordPress3\/index.php?rest_route=\/wp\/v2\/pages\/5210\/revisions\/5351"}],"up":[{"embeddable":true,"href":"https:\/\/supermegaplus.com\/WordPress3\/index.php?rest_route=\/wp\/v2\/pages\/4649"}],"wp:featuredmedia":[{"embeddable":true,"href":"https:\/\/supermegaplus.com\/WordPress3\/index.php?rest_route=\/wp\/v2\/media\/5308"}],"wp:attachment":[{"href":"https:\/\/supermegaplus.com\/WordPress3\/index.php?rest_route=%2Fwp%2Fv2%2Fmedia&parent=5210"}],"curies":[{"name":"wp","href":"https:\/\/api.w.org\/{rel}","templated":true}]}}