{"id":4771,"date":"2023-06-14T08:29:08","date_gmt":"2023-06-14T08:29:08","guid":{"rendered":"https:\/\/supermegaplus.com\/WordPress3\/?page_id=4771"},"modified":"2023-06-15T09:34:52","modified_gmt":"2023-06-15T09:34:52","slug":"2023-05-26-au-2023-05-30-budapest","status":"publish","type":"page","link":"https:\/\/supermegaplus.com\/WordPress3\/?page_id=4771","title":{"rendered":"Mai 2023 &#8211; Budapest"},"content":{"rendered":"\n<p>A No\u00ebl 2022, nous avons offert aux enfants et leur copine un voyage de 4 jours \u00e0 l&rsquo;\u00e9tranger avec nous.<\/p>\n\n\n\n<p>La destination finale fut difficile \u00e0 choisir, mais ce fut Budapest qui eut le plus beau succ\u00e8s.<\/p>\n\n\n\n<figure class=\"wp-block-image size-large\"><a href=\"https:\/\/supermegaplus.com\/WordPress3\/wp-content\/uploads\/2023\/06\/20230527_180931-scaled.jpg\"><img decoding=\"async\" loading=\"lazy\" width=\"1024\" height=\"498\" src=\"https:\/\/supermegaplus.com\/WordPress3\/wp-content\/uploads\/2023\/06\/20230527_180931-1024x498.jpg\" alt=\"\" class=\"wp-image-5033\" srcset=\"https:\/\/supermegaplus.com\/WordPress3\/wp-content\/uploads\/2023\/06\/20230527_180931-1024x498.jpg 1024w, https:\/\/supermegaplus.com\/WordPress3\/wp-content\/uploads\/2023\/06\/20230527_180931-300x146.jpg 300w, https:\/\/supermegaplus.com\/WordPress3\/wp-content\/uploads\/2023\/06\/20230527_180931-768x373.jpg 768w, https:\/\/supermegaplus.com\/WordPress3\/wp-content\/uploads\/2023\/06\/20230527_180931-1536x747.jpg 1536w, https:\/\/supermegaplus.com\/WordPress3\/wp-content\/uploads\/2023\/06\/20230527_180931-2048x996.jpg 2048w\" sizes=\"(max-width: 1024px) 100vw, 1024px\" \/><\/a><\/figure>\n\n\n\n<p>D\u00e8s lors, il nous a fallu fixer tr\u00e8s t\u00f4t cet \u00e9v\u00e8nement, pour \u00eatre s\u00fbr d&rsquo;avoir tout le monde.<\/p>\n\n\n\n<p>Nous d\u00e9cid\u00e2mes de profiter du Week-end de l&rsquo;ascension pour r\u00e9aliser ce voyage soit du 26 mai au 30 mai 2023 soit 4 nuits (donc presque 5 jours)<\/p>\n\n\n\n<p>Nous avions r\u00e9serv\u00e9 l&rsquo;avion pour 6 d&rsquo;entre nous, car Valentin et Manon ne veulent plus prendre l&rsquo;avion (pour des raisons \u00e9cologiques) et doivent nous rejoindre en train en passant par Zurich et Vienne.<\/p>\n\n\n\n<p>L&rsquo;avion part de Beauvais, donc pour partir \u00e0 6, j&rsquo;ai emmen\u00e9 Anne-France prendre la navette \u00e0 Porte-maillot, et j&rsquo;ai fait le taxi pour r\u00e9cup\u00e9rer Nicolas, Wided, Cl\u00e9ment et Cassandre et partir \u00e0 Beauvais.<\/p>\n\n\n\n<p>Le parking a Beauvais coute 50 euros pour 5 jours en le r\u00e9servant par internet, mais on est tout pr\u00eat du terminal.<\/p>\n\n\n\n<p>Pour le logement nous avons r\u00e9serv\u00e9 sur airbnb un appartement de 4 chambres et une terrasse en plein c\u0153ur de Pest. (Nous verrons plus tard que c&rsquo;\u00e9tait un tr\u00e8s bel appartement).<\/p>\n\n\n\n<p><a href=\"https:\/\/supermegaplus.com\/WordPress3\/?p=4774\" data-type=\"post\" data-id=\"4774\">Jour 1: d\u00e9part et premi\u00e8res impressions de Budapest<\/a><\/p>\n\n\n\n<p><a href=\"https:\/\/supermegaplus.com\/WordPress3\/?p=5181\" data-type=\"post\" data-id=\"5181\">Jour 2 : Viste de Buda et croisi\u00e8re sur le Danube<\/a><\/p>\n\n\n\n<p><a href=\"https:\/\/supermegaplus.com\/WordPress3\/?p=5185\" data-type=\"post\" data-id=\"5185\">Jour 3 : Visite du quartier Juif et de Pest<\/a><\/p>\n\n\n\n<p><a href=\"https:\/\/supermegaplus.com\/WordPress3\/?p=5192\" data-type=\"post\" data-id=\"5192\">Jour 4: Parlement, March\u00e9, colline et thermes de Gellert<\/a><\/p>\n\n\n\n<p><a href=\"https:\/\/supermegaplus.com\/WordPress3\/?p=5194\" data-type=\"post\" data-id=\"5194\">Jour 5: March\u00e9, restaurant et retour Beauvais<\/a><\/p>\n\n\n\n<p><\/p>\n\n\n\n<p><\/p>\n\n\n\n<p>Bref ce voyage a Budapest fut vraiment agr\u00e9able.<\/p>\n\n\n\n<p>Nous avons crois\u00e9 de nombreux groupes d&rsquo;EVG et EVJF car cette ville est r\u00e9put\u00e9e pour faire la f\u00eate 24h\/24<\/p>\n\n\n\n<p><\/p>\n","protected":false},"excerpt":{"rendered":"<p>A No\u00ebl 2022, nous avons offert aux enfants et leur copine un voyage de 4 jours \u00e0 l&rsquo;\u00e9tranger avec nous. La destination finale fut difficile \u00e0 choisir, mais ce fut Budapest qui eut le plus beau succ\u00e8s. D\u00e8s lors, il nous a fallu fixer tr\u00e8s t\u00f4t cet \u00e9v\u00e8nement, pour \u00eatre s\u00fbr d&rsquo;avoir tout le monde. &hellip; <a href=\"https:\/\/supermegaplus.com\/WordPress3\/?page_id=4771\" class=\"more-link\">Continuer la lecture de <span class=\"screen-reader-text\">Mai 2023 &#8211; Budapest<\/span>  <span class=\"meta-nav\">&rarr;<\/span><\/a><\/p>\n","protected":false},"author":2,"featured_media":0,"parent":4649,"menu_order":0,"comment_status":"closed","ping_status":"closed","template":"","meta":{"footnotes":""},"_links":{"self":[{"href":"https:\/\/supermegaplus.com\/WordPress3\/index.php?rest_route=\/wp\/v2\/pages\/4771"}],"collection":[{"href":"https:\/\/supermegaplus.com\/WordPress3\/index.php?rest_route=\/wp\/v2\/pages"}],"about":[{"href":"https:\/\/supermegaplus.com\/WordPress3\/index.php?rest_route=\/wp\/v2\/types\/page"}],"author":[{"embeddable":true,"href":"https:\/\/supermegaplus.com\/WordPress3\/index.php?rest_route=\/wp\/v2\/users\/2"}],"replies":[{"embeddable":true,"href":"https:\/\/supermegaplus.com\/WordPress3\/index.php?rest_route=%2Fwp%2Fv2%2Fcomments&post=4771"}],"version-history":[{"count":7,"href":"https:\/\/supermegaplus.com\/WordPress3\/index.php?rest_route=\/wp\/v2\/pages\/4771\/revisions"}],"predecessor-version":[{"id":5207,"href":"https:\/\/supermegaplus.com\/WordPress3\/index.php?rest_route=\/wp\/v2\/pages\/4771\/revisions\/5207"}],"up":[{"embeddable":true,"href":"https:\/\/supermegaplus.com\/WordPress3\/index.php?rest_route=\/wp\/v2\/pages\/4649"}],"wp:attachment":[{"href":"https:\/\/supermegaplus.com\/WordPress3\/index.php?rest_route=%2Fwp%2Fv2%2Fmedia&parent=4771"}],"curies":[{"name":"wp","href":"https:\/\/api.w.org\/{rel}","templated":true}]}}