{"id":4651,"date":"2023-06-12T16:15:00","date_gmt":"2023-06-12T16:15:00","guid":{"rendered":"https:\/\/supermegaplus.com\/WordPress3\/?page_id=4651"},"modified":"2023-06-13T09:22:14","modified_gmt":"2023-06-13T09:22:14","slug":"la-loire-a-velo","status":"publish","type":"page","link":"https:\/\/supermegaplus.com\/WordPress3\/?page_id=4651","title":{"rendered":"La Loire a V\u00e9lo"},"content":{"rendered":"\n<p>Depuis des mois, Didier et moi avions d\u00e9cid\u00e9 de faire la Lore \u00e0 V\u00e9lo.<\/p>\n\n\n\n<p>Cela s&rsquo;est concr\u00e9tis\u00e9 du 08\/05\/2023 au 15\/05\/2023.<\/p>\n\n\n\n<p><\/p>\n\n\n\n<p>Nous sommes partis a deux v\u00e9los: le mien \u00e9lectrique, v\u00e9lo moustache Xroad2, et Didier avec un VTC d\u00e9cathlon.<\/p>\n\n\n\n<figure class=\"wp-block-gallery has-nested-images columns-default is-cropped wp-block-gallery-1 is-layout-flex wp-block-gallery-is-layout-flex\">\n<figure class=\"wp-block-image size-large\"><a href=\"https:\/\/supermegaplus.com\/WordPress3\/wp-content\/uploads\/2023\/06\/20230508_120000.jpg\"><img decoding=\"async\" loading=\"lazy\" width=\"1024\" height=\"576\" data-id=\"4695\" src=\"https:\/\/supermegaplus.com\/WordPress3\/wp-content\/uploads\/2023\/06\/20230508_120000-1024x576.jpg\" alt=\"\" class=\"wp-image-4695\" srcset=\"https:\/\/supermegaplus.com\/WordPress3\/wp-content\/uploads\/2023\/06\/20230508_120000-1024x576.jpg 1024w, https:\/\/supermegaplus.com\/WordPress3\/wp-content\/uploads\/2023\/06\/20230508_120000-300x169.jpg 300w, https:\/\/supermegaplus.com\/WordPress3\/wp-content\/uploads\/2023\/06\/20230508_120000-768x432.jpg 768w, https:\/\/supermegaplus.com\/WordPress3\/wp-content\/uploads\/2023\/06\/20230508_120000-1536x864.jpg 1536w, https:\/\/supermegaplus.com\/WordPress3\/wp-content\/uploads\/2023\/06\/20230508_120000.jpg 1920w\" sizes=\"(max-width: 1024px) 100vw, 1024px\" \/><\/a><\/figure>\n\n\n\n<figure class=\"wp-block-image size-large\"><a href=\"https:\/\/supermegaplus.com\/WordPress3\/wp-content\/uploads\/2023\/06\/20230508_115700-scaled.jpeg\"><img decoding=\"async\" loading=\"lazy\" width=\"1024\" height=\"576\" data-id=\"4694\" src=\"https:\/\/supermegaplus.com\/WordPress3\/wp-content\/uploads\/2023\/06\/20230508_115700-1024x576.jpeg\" alt=\"\" class=\"wp-image-4694\" srcset=\"https:\/\/supermegaplus.com\/WordPress3\/wp-content\/uploads\/2023\/06\/20230508_115700-1024x576.jpeg 1024w, https:\/\/supermegaplus.com\/WordPress3\/wp-content\/uploads\/2023\/06\/20230508_115700-300x169.jpeg 300w, https:\/\/supermegaplus.com\/WordPress3\/wp-content\/uploads\/2023\/06\/20230508_115700-768x432.jpeg 768w, https:\/\/supermegaplus.com\/WordPress3\/wp-content\/uploads\/2023\/06\/20230508_115700-1536x864.jpeg 1536w, https:\/\/supermegaplus.com\/WordPress3\/wp-content\/uploads\/2023\/06\/20230508_115700-2048x1152.jpeg 2048w\" sizes=\"(max-width: 1024px) 100vw, 1024px\" \/><\/a><\/figure>\n<\/figure>\n\n\n\n<p>L&rsquo;id\u00e9e \u00e9tant de trouver des bivouacs dans des campings afin de ne pas trimballer de tente.<\/p>\n\n\n\n<p><\/p>\n\n\n\n<p>Jour 1 :<a href=\"https:\/\/supermegaplus.com\/WordPress3\/?page_id=4732\" data-type=\"page\" data-id=\"4732\"> <\/a><a href=\"https:\/\/supermegaplus.com\/WordPress3\/?p=4756\" data-type=\"post\" data-id=\"4756\">De Paris a Muides sur Loire<\/a><\/p>\n\n\n\n<p>Jour 2 : <a href=\"https:\/\/supermegaplus.com\/WordPress3\/?p=4655\" data-type=\"post\" data-id=\"4655\">de Muides sur Loire a Montlouis sur loire<\/a><\/p>\n\n\n\n<p>Jour 3 : <a href=\"https:\/\/supermegaplus.com\/WordPress3\/?p=4658\" data-type=\"post\" data-id=\"4658\">de Montlouis sur Loire \u00e0 Candes st Marti<\/a>n<\/p>\n\n\n\n<p>Jour 4 : <a href=\"https:\/\/supermegaplus.com\/WordPress3\/?p=4740\" data-type=\"post\" data-id=\"4740\">de candes a  Pont de C\u00e9<\/a><\/p>\n\n\n\n<p>Jour 5 : <a href=\"https:\/\/supermegaplus.com\/WordPress3\/?p=4742\" data-type=\"post\" data-id=\"4742\">De pont de C\u00e9 a Ancenis<\/a><\/p>\n\n\n\n<p>Jour 6  : <a href=\"https:\/\/supermegaplus.com\/WordPress3\/?p=4744\" data-type=\"post\" data-id=\"4744\">De Ancenis \u00e0 St Etienne de Montluc<\/a><\/p>\n\n\n\n<p>Jour 7 et 8 : <a href=\"https:\/\/supermegaplus.com\/WordPress3\/?p=4748\" data-type=\"post\" data-id=\"4748\">St etienne de montluc et retour<\/a><\/p>\n\n\n\n<p><\/p>\n\n\n\n<p><\/p>\n\n\n\n<p>Nous sommes ravis d&rsquo;avoir fait ce tour de 470 km au total sans fatigue, sans stress, sans incidents (pas de casse, pas de surprises)<\/p>\n\n\n\n<p>L&rsquo;ann\u00e9e prochaine,  lorient Royan&#8230;.<\/p>\n","protected":false},"excerpt":{"rendered":"<p>Depuis des mois, Didier et moi avions d\u00e9cid\u00e9 de faire la Lore \u00e0 V\u00e9lo. Cela s&rsquo;est concr\u00e9tis\u00e9 du 08\/05\/2023 au 15\/05\/2023. Nous sommes partis a deux v\u00e9los: le mien \u00e9lectrique, v\u00e9lo moustache Xroad2, et Didier avec un VTC d\u00e9cathlon. L&rsquo;id\u00e9e \u00e9tant de trouver des bivouacs dans des campings afin de ne pas trimballer de tente. &hellip; <a href=\"https:\/\/supermegaplus.com\/WordPress3\/?page_id=4651\" class=\"more-link\">Continuer la lecture de <span class=\"screen-reader-text\">La Loire a V\u00e9lo<\/span>  <span class=\"meta-nav\">&rarr;<\/span><\/a><\/p>\n","protected":false},"author":2,"featured_media":0,"parent":4649,"menu_order":0,"comment_status":"closed","ping_status":"closed","template":"","meta":{"footnotes":""},"_links":{"self":[{"href":"https:\/\/supermegaplus.com\/WordPress3\/index.php?rest_route=\/wp\/v2\/pages\/4651"}],"collection":[{"href":"https:\/\/supermegaplus.com\/WordPress3\/index.php?rest_route=\/wp\/v2\/pages"}],"about":[{"href":"https:\/\/supermegaplus.com\/WordPress3\/index.php?rest_route=\/wp\/v2\/types\/page"}],"author":[{"embeddable":true,"href":"https:\/\/supermegaplus.com\/WordPress3\/index.php?rest_route=\/wp\/v2\/users\/2"}],"replies":[{"embeddable":true,"href":"https:\/\/supermegaplus.com\/WordPress3\/index.php?rest_route=%2Fwp%2Fv2%2Fcomments&post=4651"}],"version-history":[{"count":8,"href":"https:\/\/supermegaplus.com\/WordPress3\/index.php?rest_route=\/wp\/v2\/pages\/4651\/revisions"}],"predecessor-version":[{"id":4762,"href":"https:\/\/supermegaplus.com\/WordPress3\/index.php?rest_route=\/wp\/v2\/pages\/4651\/revisions\/4762"}],"up":[{"embeddable":true,"href":"https:\/\/supermegaplus.com\/WordPress3\/index.php?rest_route=\/wp\/v2\/pages\/4649"}],"wp:attachment":[{"href":"https:\/\/supermegaplus.com\/WordPress3\/index.php?rest_route=%2Fwp%2Fv2%2Fmedia&parent=4651"}],"curies":[{"name":"wp","href":"https:\/\/api.w.org\/{rel}","templated":true}]}}