{"id":3669,"date":"2022-09-28T13:38:21","date_gmt":"2022-09-28T13:38:21","guid":{"rendered":"https:\/\/supermegaplus.com\/WordPress3\/?page_id=3669"},"modified":"2022-09-29T15:48:57","modified_gmt":"2022-09-29T15:48:57","slug":"30-ans-de-mariage","status":"publish","type":"page","link":"https:\/\/supermegaplus.com\/WordPress3\/?page_id=3669","title":{"rendered":"30 ans de Mariage"},"content":{"rendered":"\n<p>Nous avions choisi le Week-end du 23 au 25 septembre 2022 pour f\u00eater notre anniversaire.<\/p>\n\n\n\n<p>Cela s&rsquo;est d\u00e9roul\u00e9 sur 3 jours \u00e0 la ferme de l&rsquo;isle \u00e0 Courbouzon (Loir et cher)<\/p>\n\n\n<div class=\"wp-block-image\">\n<figure class=\"aligncenter size-large is-resized\"><a href=\"https:\/\/supermegaplus.com\/WordPress3\/wp-content\/uploads\/2022\/09\/image.png\"><img decoding=\"async\" loading=\"lazy\" src=\"https:\/\/supermegaplus.com\/WordPress3\/wp-content\/uploads\/2022\/09\/image-1024x768.png\" alt=\"\" class=\"wp-image-3670\" width=\"423\" height=\"317\" srcset=\"https:\/\/supermegaplus.com\/WordPress3\/wp-content\/uploads\/2022\/09\/image-1024x768.png 1024w, https:\/\/supermegaplus.com\/WordPress3\/wp-content\/uploads\/2022\/09\/image-300x225.png 300w, https:\/\/supermegaplus.com\/WordPress3\/wp-content\/uploads\/2022\/09\/image-768x576.png 768w, https:\/\/supermegaplus.com\/WordPress3\/wp-content\/uploads\/2022\/09\/image.png 1103w\" sizes=\"(max-width: 423px) 100vw, 423px\" \/><\/a><figcaption>La ferme de L&rsquo;isle<\/figcaption><\/figure><\/div>\n\n<div class=\"wp-block-image\">\n<figure class=\"aligncenter size-large is-resized\"><a href=\"https:\/\/supermegaplus.com\/WordPress3\/wp-content\/uploads\/2022\/09\/image-1.png\"><img decoding=\"async\" loading=\"lazy\" src=\"https:\/\/supermegaplus.com\/WordPress3\/wp-content\/uploads\/2022\/09\/image-1-1024x682.png\" alt=\"\" class=\"wp-image-3671\" width=\"422\" height=\"280\" srcset=\"https:\/\/supermegaplus.com\/WordPress3\/wp-content\/uploads\/2022\/09\/image-1-1024x682.png 1024w, https:\/\/supermegaplus.com\/WordPress3\/wp-content\/uploads\/2022\/09\/image-1-300x200.png 300w, https:\/\/supermegaplus.com\/WordPress3\/wp-content\/uploads\/2022\/09\/image-1-768x512.png 768w, https:\/\/supermegaplus.com\/WordPress3\/wp-content\/uploads\/2022\/09\/image-1.png 1241w\" sizes=\"(max-width: 422px) 100vw, 422px\" \/><\/a><figcaption>La grande salle de la ferme de l&rsquo;isle<\/figcaption><\/figure><\/div>\n\n\n<p>Les festivit\u00e9s se sont d\u00e9roul\u00e9es de la fa\u00e7on suivante :<\/p>\n\n\n\n<p>Vendredi 23\/09 :<a href=\"https:\/\/supermegaplus.com\/WordPress3\/?page_id=3674\" data-type=\"page\" data-id=\"3674\"> Promenade en v\u00e9lo autour de Blois et Chambord<\/a><\/p>\n\n\n\n<p>Samedi 24\/09 : <a href=\"https:\/\/supermegaplus.com\/WordPress3\/?page_id=3765\" data-type=\"page\" data-id=\"3765\">Dejeuner et diner \u00e0 la ferme de l&rsquo;isle<\/a><\/p>\n\n\n<div class=\"wp-block-image\">\n<figure class=\"aligncenter size-full is-resized\"><a href=\"https:\/\/supermegaplus.com\/WordPress3\/wp-content\/uploads\/2022\/09\/image-2.png\"><img decoding=\"async\" loading=\"lazy\" src=\"https:\/\/supermegaplus.com\/WordPress3\/wp-content\/uploads\/2022\/09\/image-2.png\" alt=\"\" class=\"wp-image-3672\" width=\"255\" height=\"191\" srcset=\"https:\/\/supermegaplus.com\/WordPress3\/wp-content\/uploads\/2022\/09\/image-2.png 960w, https:\/\/supermegaplus.com\/WordPress3\/wp-content\/uploads\/2022\/09\/image-2-300x225.png 300w, https:\/\/supermegaplus.com\/WordPress3\/wp-content\/uploads\/2022\/09\/image-2-768x576.png 768w\" sizes=\"(max-width: 255px) 100vw, 255px\" \/><\/a><figcaption>l&rsquo;int\u00e9rieur de la grande salle<\/figcaption><\/figure><\/div>\n\n\n<p>Dimanche 25\/09 : <a href=\"https:\/\/supermegaplus.com\/WordPress3\/?page_id=4506\" data-type=\"page\" data-id=\"4506\">Brunch \u00e0 la ferme de l&rsquo;Isle<\/a><\/p>\n\n\n\n<p><\/p>\n","protected":false},"excerpt":{"rendered":"<p>Nous avions choisi le Week-end du 23 au 25 septembre 2022 pour f\u00eater notre anniversaire. Cela s&rsquo;est d\u00e9roul\u00e9 sur 3 jours \u00e0 la ferme de l&rsquo;isle \u00e0 Courbouzon (Loir et cher) Les festivit\u00e9s se sont d\u00e9roul\u00e9es de la fa\u00e7on suivante : Vendredi 23\/09 : Promenade en v\u00e9lo autour de Blois et Chambord Samedi 24\/09 : &hellip; <a href=\"https:\/\/supermegaplus.com\/WordPress3\/?page_id=3669\" class=\"more-link\">Continuer la lecture de <span class=\"screen-reader-text\">30 ans de Mariage<\/span>  <span class=\"meta-nav\">&rarr;<\/span><\/a><\/p>\n","protected":false},"author":2,"featured_media":4505,"parent":3197,"menu_order":0,"comment_status":"closed","ping_status":"closed","template":"","meta":{"footnotes":""},"_links":{"self":[{"href":"https:\/\/supermegaplus.com\/WordPress3\/index.php?rest_route=\/wp\/v2\/pages\/3669"}],"collection":[{"href":"https:\/\/supermegaplus.com\/WordPress3\/index.php?rest_route=\/wp\/v2\/pages"}],"about":[{"href":"https:\/\/supermegaplus.com\/WordPress3\/index.php?rest_route=\/wp\/v2\/types\/page"}],"author":[{"embeddable":true,"href":"https:\/\/supermegaplus.com\/WordPress3\/index.php?rest_route=\/wp\/v2\/users\/2"}],"replies":[{"embeddable":true,"href":"https:\/\/supermegaplus.com\/WordPress3\/index.php?rest_route=%2Fwp%2Fv2%2Fcomments&post=3669"}],"version-history":[{"count":4,"href":"https:\/\/supermegaplus.com\/WordPress3\/index.php?rest_route=\/wp\/v2\/pages\/3669\/revisions"}],"predecessor-version":[{"id":4531,"href":"https:\/\/supermegaplus.com\/WordPress3\/index.php?rest_route=\/wp\/v2\/pages\/3669\/revisions\/4531"}],"up":[{"embeddable":true,"href":"https:\/\/supermegaplus.com\/WordPress3\/index.php?rest_route=\/wp\/v2\/pages\/3197"}],"wp:featuredmedia":[{"embeddable":true,"href":"https:\/\/supermegaplus.com\/WordPress3\/index.php?rest_route=\/wp\/v2\/media\/4505"}],"wp:attachment":[{"href":"https:\/\/supermegaplus.com\/WordPress3\/index.php?rest_route=%2Fwp%2Fv2%2Fmedia&parent=3669"}],"curies":[{"name":"wp","href":"https:\/\/api.w.org\/{rel}","templated":true}]}}