{"id":3643,"date":"2022-07-05T12:30:17","date_gmt":"2022-07-05T12:30:17","guid":{"rendered":"https:\/\/supermegaplus.com\/WordPress3\/?page_id=3643"},"modified":"2022-07-05T13:46:04","modified_gmt":"2022-07-05T13:46:04","slug":"idees-de-sorties-idf","status":"publish","type":"page","link":"https:\/\/supermegaplus.com\/WordPress3\/?page_id=3643","title":{"rendered":"Id\u00e9es de Sorties Idf"},"content":{"rendered":"\n<p>Ce blog permet de lister les endroits int\u00e9ressants a visiter en Ile de France ou tout du moins a environ 1h de paris Maximum (soit environ 100\/120km)<\/p>\n\n\n\n<p>Cela r\u00e9sulte , soit de sorties personnelles, soit d&rsquo;id\u00e9es issues de reportages, livres ou discussions.<\/p>\n\n\n\n<p>Normandie :<\/p>\n\n\n\n<p><a href=\"https:\/\/supermegaplus.com\/WordPress3\/?p=3648\" data-type=\"URL\" data-id=\"https:\/\/supermegaplus.com\/WordPress3\/?p=3648\">La bouille<\/a><\/p>\n\n\n\n<p>Sud Paris<\/p>\n\n\n\n<p><a href=\"https:\/\/supermegaplus.com\/WordPress3\/?p=3654\" data-type=\"URL\" data-id=\"https:\/\/supermegaplus.com\/WordPress3\/?p=3654\" target=\"_blank\" rel=\"noreferrer noopener\">La vall\u00e9e aux loups<\/a><\/p>\n","protected":false},"excerpt":{"rendered":"<p>Ce blog permet de lister les endroits int\u00e9ressants a visiter en Ile de France ou tout du moins a environ 1h de paris Maximum (soit environ 100\/120km) Cela r\u00e9sulte , soit de sorties personnelles, soit d&rsquo;id\u00e9es issues de reportages, livres ou discussions. Normandie : La bouille Sud Paris La vall\u00e9e aux loups<\/p>\n","protected":false},"author":2,"featured_media":0,"parent":0,"menu_order":0,"comment_status":"closed","ping_status":"closed","template":"","meta":{"footnotes":""},"_links":{"self":[{"href":"https:\/\/supermegaplus.com\/WordPress3\/index.php?rest_route=\/wp\/v2\/pages\/3643"}],"collection":[{"href":"https:\/\/supermegaplus.com\/WordPress3\/index.php?rest_route=\/wp\/v2\/pages"}],"about":[{"href":"https:\/\/supermegaplus.com\/WordPress3\/index.php?rest_route=\/wp\/v2\/types\/page"}],"author":[{"embeddable":true,"href":"https:\/\/supermegaplus.com\/WordPress3\/index.php?rest_route=\/wp\/v2\/users\/2"}],"replies":[{"embeddable":true,"href":"https:\/\/supermegaplus.com\/WordPress3\/index.php?rest_route=%2Fwp%2Fv2%2Fcomments&post=3643"}],"version-history":[{"count":5,"href":"https:\/\/supermegaplus.com\/WordPress3\/index.php?rest_route=\/wp\/v2\/pages\/3643\/revisions"}],"predecessor-version":[{"id":3659,"href":"https:\/\/supermegaplus.com\/WordPress3\/index.php?rest_route=\/wp\/v2\/pages\/3643\/revisions\/3659"}],"wp:attachment":[{"href":"https:\/\/supermegaplus.com\/WordPress3\/index.php?rest_route=%2Fwp%2Fv2%2Fmedia&parent=3643"}],"curies":[{"name":"wp","href":"https:\/\/api.w.org\/{rel}","templated":true}]}}