{"id":3095,"date":"2019-08-26T11:53:49","date_gmt":"2019-08-26T11:53:49","guid":{"rendered":"http:\/\/supermegaplus.com\/WordPress3\/?page_id=3095"},"modified":"2019-08-26T12:00:08","modified_gmt":"2019-08-26T12:00:08","slug":"2019-08-15-au-2019-08-18-stockholm","status":"publish","type":"page","link":"https:\/\/supermegaplus.com\/WordPress3\/?page_id=3095","title":{"rendered":"2019 08 15 au 2019 08 18 &#8211; Stockholm"},"content":{"rendered":"\n<p>Pour l&rsquo;anniversaire d&rsquo;Anne-France, il fallait bien marquer le coup. Stockholm \u00e9tait un de nos endroits souhait\u00e9 ainsi que les autres villes de Scandinavie (Oslo ou Copenhague ou Helsinki).<\/p>\n\n\n\n<figure class=\"wp-block-image\"><img decoding=\"async\" loading=\"lazy\" width=\"810\" height=\"540\" src=\"https:\/\/supermegaplus.com\/WordPress3\/wp-content\/uploads\/2019\/08\/stockholm-city-810x540.jpg\" alt=\"\" class=\"wp-image-3098\" srcset=\"https:\/\/supermegaplus.com\/WordPress3\/wp-content\/uploads\/2019\/08\/stockholm-city-810x540.jpg 810w, https:\/\/supermegaplus.com\/WordPress3\/wp-content\/uploads\/2019\/08\/stockholm-city-810x540-300x200.jpg 300w, https:\/\/supermegaplus.com\/WordPress3\/wp-content\/uploads\/2019\/08\/stockholm-city-810x540-768x512.jpg 768w\" sizes=\"(max-width: 810px) 100vw, 810px\" \/><\/figure>\n\n\n\n<p> Stockholm, la capitale de la Su\u00e8de, est situ\u00e9e sur un vaste archipel de la mer Baltique, comprenant 14&nbsp;\u00eeles et plus de 50&nbsp;ponts. Les rues pav\u00e9es et les b\u00e2timents de couleur ocre de Gamla stan (la vieille ville) abritent la cath\u00e9drale de Storkyrkan du XIIIe si\u00e8cle, le palais royal de Stockholm et le mus\u00e9e Nobel, consacr\u00e9 au prix Nobel. <\/p>\n\n\n\n<p>Ce voyage fut vraiment encore une fois un grand moment. J&rsquo;avais r\u00e9serv\u00e9 avec Expedia comme d&rsquo;habitude et comme d&rsquo;habitude, tout s&rsquo;est pass\u00e9 comme sur des roulettes. Ce site est vraiment le plus pratique , efficace et pertinent de tous les sites que j&rsquo;ai essay\u00e9. J&rsquo;en ai pourtant test\u00e9 plusieurs, mais celui-ci reste le must  pas sa rapidit\u00e9, son efficience, et ses prix.<\/p>\n\n\n\n<p>Bref Stockholm est une ville fascinante car on sent qu&rsquo;il y a une histoire dans cette ville, mais on y trouve peu de monuments anciens comme l&rsquo;on trouverait dans la plupart des villes europ\u00e9ennes. Le palais royal, m\u00eame s&rsquo;il est ancien reste tr\u00e8s sobre de l&rsquo;ext\u00e9rieur, pareil pour les autres monuments.<\/p>\n\n\n\n<p>Le budget nourriture est de loin le plus important \u00e0 pr\u00e9voir. Le prix des restaurants est assez hallucinant mais le prix a tendance \u00e0 baisser si on s&rsquo;\u00e9loigne de Stockholm. Par contre, on y mange bien et m\u00eame tr\u00e8s bien, m\u00eame les produits bas de gamme sont bons.<\/p>\n\n\n\n<p>Par contre on sent dans ce pays une patte \u00e9cologique et un d\u00e9sir fort de nature. il y a beaucoup de v\u00e9los et trottinettes \u00e9lectriques et peu de circulation. Beaucoup de rues sont pi\u00e9tonnes, et cela manque \u00e0 Paris. Il y a des pistes cyclables partout. D\u00e8s qu&rsquo;on s&rsquo;\u00e9loigne un peu de la ville, on  trouve de tr\u00e8s jolis endroits en bord de Baltique.<\/p>\n\n\n\n<p>La ville est en travaux constant et travaille sur l&rsquo;am\u00e9lioration de son bilan carbone. Les maisons sont isol\u00e9es et chauff\u00e9es avec la chaleur issue de la r\u00e9cup\u00e9ration des ordures.<\/p>\n\n\n\n<p>L\u2019h\u00f4tel \u00e9tait bien mais les chambres \u00e9taient tr\u00e8s petites pour un 4 \u00e9toiles. Le petit d\u00e9jeuner \u00e9tait par contre excellent contrairement \u00e0 certains h\u00f4tels ou nous avons s\u00e9journ\u00e9.<\/p>\n\n\n\n<p>Donc voila mon blog sur Stockholm, <a href=\"\/WordPress3\/?p=2960\">c&rsquo;est ici <\/a><\/p>\n\n\n\n<p><\/p>\n","protected":false},"excerpt":{"rendered":"<p>Pour l&rsquo;anniversaire d&rsquo;Anne-France, il fallait bien marquer le coup. Stockholm \u00e9tait un de nos endroits souhait\u00e9 ainsi que les autres villes de Scandinavie (Oslo ou Copenhague ou Helsinki). Stockholm, la capitale de la Su\u00e8de, est situ\u00e9e sur un vaste archipel de la mer Baltique, comprenant 14&nbsp;\u00eeles et plus de 50&nbsp;ponts. Les rues pav\u00e9es et les &hellip; <a href=\"https:\/\/supermegaplus.com\/WordPress3\/?page_id=3095\" class=\"more-link\">Continuer la lecture de <span class=\"screen-reader-text\">2019 08 15 au 2019 08 18 &#8211; Stockholm<\/span>  <span class=\"meta-nav\">&rarr;<\/span><\/a><\/p>\n","protected":false},"author":2,"featured_media":3096,"parent":2715,"menu_order":0,"comment_status":"closed","ping_status":"closed","template":"","meta":{"footnotes":""},"_links":{"self":[{"href":"https:\/\/supermegaplus.com\/WordPress3\/index.php?rest_route=\/wp\/v2\/pages\/3095"}],"collection":[{"href":"https:\/\/supermegaplus.com\/WordPress3\/index.php?rest_route=\/wp\/v2\/pages"}],"about":[{"href":"https:\/\/supermegaplus.com\/WordPress3\/index.php?rest_route=\/wp\/v2\/types\/page"}],"author":[{"embeddable":true,"href":"https:\/\/supermegaplus.com\/WordPress3\/index.php?rest_route=\/wp\/v2\/users\/2"}],"replies":[{"embeddable":true,"href":"https:\/\/supermegaplus.com\/WordPress3\/index.php?rest_route=%2Fwp%2Fv2%2Fcomments&post=3095"}],"version-history":[{"count":5,"href":"https:\/\/supermegaplus.com\/WordPress3\/index.php?rest_route=\/wp\/v2\/pages\/3095\/revisions"}],"predecessor-version":[{"id":3102,"href":"https:\/\/supermegaplus.com\/WordPress3\/index.php?rest_route=\/wp\/v2\/pages\/3095\/revisions\/3102"}],"up":[{"embeddable":true,"href":"https:\/\/supermegaplus.com\/WordPress3\/index.php?rest_route=\/wp\/v2\/pages\/2715"}],"wp:featuredmedia":[{"embeddable":true,"href":"https:\/\/supermegaplus.com\/WordPress3\/index.php?rest_route=\/wp\/v2\/media\/3096"}],"wp:attachment":[{"href":"https:\/\/supermegaplus.com\/WordPress3\/index.php?rest_route=%2Fwp%2Fv2%2Fmedia&parent=3095"}],"curies":[{"name":"wp","href":"https:\/\/api.w.org\/{rel}","templated":true}]}}