{"id":2724,"date":"2019-03-11T18:49:54","date_gmt":"2019-03-11T18:49:54","guid":{"rendered":"http:\/\/supermegaplus.com\/WordPress3\/?page_id=2724"},"modified":"2019-03-11T18:50:16","modified_gmt":"2019-03-11T18:50:16","slug":"2019-03-07-au-2019-03-10-st-petersbourg","status":"publish","type":"page","link":"https:\/\/supermegaplus.com\/WordPress3\/?page_id=2724","title":{"rendered":"2019 03 07 au 2019 03 10 &#8211; St petersbourg"},"content":{"rendered":"\n<p><a href=\"https:\/\/supermegaplus.com\/WordPress3\/?p=2644\">Voir le voyage d&rsquo;Antoine et d&rsquo;anne france<\/a><\/p>\n\n\n\n<p>Fen\u00eatre de la Russie vers l\u2019Europe, la Venise du Nord, la Ville-Mus\u00e9e\u2026 Quel qu\u2019il soit le  nom qu\u2019on lui donne, St. P\u00e9tersbourg est une ville \u00e0 d\u00e9couvrir absolument ! Construite sur  l\u2019eau et la boue en 1703 par le Tsar Pierre le Grand, cette magnifique ville baltique est<br> envo\u00fbtante. De somptueux palais, des ponts \u00e9l\u00e9gants, et des quais majestueux en granite  encadrent des rivi\u00e8res et canaux s\u2019entrecroisant avec les ruelles. Sa beaut\u00e9 et sa richesse<br> laissent le visiteur sans mots.<br> Pierre le Grand voulait voir la Russie rattraper son retard avec l\u2019Europe, jugeant son pays  sous-d\u00e9velopp\u00e9 et sa noblesse et ses institutions archa\u00efques, il d\u00e9cida de d\u00e9m\u00e9nager la  capitale de Moscou, de la construire ex-novo plus proche de l\u2019Europe du Nord qu\u2019il  admirait. L\u2019endroit qu\u2019il choisit sembla insens\u00e9 : un terrain mar\u00e9cageux dans le Grand  Nord, infest\u00e9 par la malaria en \u00e9t\u00e9 et subissant des hivers extr\u00eamement rigoureux. Des milliers de travailleurs forces ont p\u00e9ri dans la construction de la nouvelle capitale. Mais  elle s\u2019est vite d\u00e9velopp\u00e9e et est rapidement devenue un v\u00e9ritable aimant pour architectes  et artistes venus des quatre coins de l\u2019Europe. Ils y ont b\u00e2ti avenues et parcs, \u00e9glises et  palais, canaux et ponts, des \u00e9coles, une Universit\u00e9 et une Acad\u00e9mie des Arts et ont embelli  la ville a un degr\u00e9 inimaginable. Le luxe et la sophistication technique employ\u00e9s dans la  construction, l\u2019opulence de la cour des Tsars, se retrouvent dans les nombreux palais et<br> th\u00e9\u00e2tres, les luxueuses fa\u00e7ades qui ornent les grandes avenues, appel\u00e9es ici  \u00ab Perspectives \u00bb (Prospekt). Les nombreux canaux, \u00eeles et ponts qui y ont \u00e9t\u00e9 construits  afin de drainer le terrain mar\u00e9cageux et dompter l\u2019imp\u00e9tueuse Neva conf\u00e8rent \u00e0 la ville un<br> caract\u00e8re unique. Saint-P\u00e9tersbourg est class\u00e9e au Patrimoine de l\u2019Humanit\u00e9 par  l\u2019UNESCO.<br> St. P\u00e9tersbourg a \u00e9t\u00e9 la capitale de la Russie pendant plus de deux si\u00e8cles, de 1712 \u00e0 1918.<br> Apr\u00e8s la R\u00e9volution Russe, Moscou est redevenue la capitale et St. P\u00e9tersbourg a alors subi un certain d\u00e9clin. Les communistes ont m\u00eame chang\u00e9 son nom deux fois, pour Petrograd puis Leningrad. Suite \u00e0 la chute du r\u00e9gime Sovi\u00e9tique, St. P\u00e9tersbourg a<br> retrouv\u00e9 son nom historique et, apr\u00e8s un intense travail de reconstruction et restauration,  la ville a r\u00e9cup\u00e9r\u00e9 sa splendeur et sa gloire d\u2019antan.<br> Aujourd\u2019hui St. P\u00e9tersbourg est une ville vibrante et dynamique, et avec 5 millions d\u2019habitants est la 4e ville d\u2019Europe.<\/p>\n","protected":false},"excerpt":{"rendered":"<p>Voir le voyage d&rsquo;Antoine et d&rsquo;anne france Fen\u00eatre de la Russie vers l\u2019Europe, la Venise du Nord, la Ville-Mus\u00e9e\u2026 Quel qu\u2019il soit le nom qu\u2019on lui donne, St. P\u00e9tersbourg est une ville \u00e0 d\u00e9couvrir absolument ! Construite sur l\u2019eau et la boue en 1703 par le Tsar Pierre le Grand, cette magnifique ville baltique est &hellip; <a href=\"https:\/\/supermegaplus.com\/WordPress3\/?page_id=2724\" class=\"more-link\">Continuer la lecture de <span class=\"screen-reader-text\">2019 03 07 au 2019 03 10 &#8211; St petersbourg<\/span>  <span class=\"meta-nav\">&rarr;<\/span><\/a><\/p>\n","protected":false},"author":2,"featured_media":0,"parent":2715,"menu_order":0,"comment_status":"closed","ping_status":"closed","template":"","meta":{"footnotes":""},"_links":{"self":[{"href":"https:\/\/supermegaplus.com\/WordPress3\/index.php?rest_route=\/wp\/v2\/pages\/2724"}],"collection":[{"href":"https:\/\/supermegaplus.com\/WordPress3\/index.php?rest_route=\/wp\/v2\/pages"}],"about":[{"href":"https:\/\/supermegaplus.com\/WordPress3\/index.php?rest_route=\/wp\/v2\/types\/page"}],"author":[{"embeddable":true,"href":"https:\/\/supermegaplus.com\/WordPress3\/index.php?rest_route=\/wp\/v2\/users\/2"}],"replies":[{"embeddable":true,"href":"https:\/\/supermegaplus.com\/WordPress3\/index.php?rest_route=%2Fwp%2Fv2%2Fcomments&post=2724"}],"version-history":[{"count":1,"href":"https:\/\/supermegaplus.com\/WordPress3\/index.php?rest_route=\/wp\/v2\/pages\/2724\/revisions"}],"predecessor-version":[{"id":2725,"href":"https:\/\/supermegaplus.com\/WordPress3\/index.php?rest_route=\/wp\/v2\/pages\/2724\/revisions\/2725"}],"up":[{"embeddable":true,"href":"https:\/\/supermegaplus.com\/WordPress3\/index.php?rest_route=\/wp\/v2\/pages\/2715"}],"wp:attachment":[{"href":"https:\/\/supermegaplus.com\/WordPress3\/index.php?rest_route=%2Fwp%2Fv2%2Fmedia&parent=2724"}],"curies":[{"name":"wp","href":"https:\/\/api.w.org\/{rel}","templated":true}]}}