{"id":2554,"date":"2018-06-19T21:11:05","date_gmt":"2018-06-19T21:11:05","guid":{"rendered":"http:\/\/supermegaplus.com\/WordPress3\/?page_id=2554"},"modified":"2018-06-21T06:06:58","modified_gmt":"2018-06-21T06:06:58","slug":"2018-06-16-berlin","status":"publish","type":"page","link":"https:\/\/supermegaplus.com\/WordPress3\/?page_id=2554","title":{"rendered":"2018-06-16 &#8211; Berlin"},"content":{"rendered":"<p>Notre voyage \u00e0 Berlin s&rsquo;est d\u00e9roul\u00e9 du 16 juin 2018 au 17 juin 2018.<\/p>\n<p>Nous n&rsquo;\u00e9tions jamais all\u00e9 dans une ville allemande sauf moi, lors de mon service militaire.<\/p>\n<p>Berlin est une ville agr\u00e9able qui vaut le coup d&rsquo;\u00eatre vue.<\/p>\n<p>Elle est charg\u00e9e d&rsquo;histoire ancienne, de puissance pendant la seconde guerre mondiale et de modernisme aujourd&rsquo;hui avec l&rsquo;architecture et l&rsquo;art. C&rsquo;est une ville jeune.<\/p>\n<p>La Ville est 9 fois plus grande que Pris, mais la densit\u00e9 y est 5 fois moindre. Nous avons tent\u00e9 de visiter le maximum de choses \u00e0 voir, mais il faudrait y rester une bonne semaine.<\/p>\n<p><a href=\"https:\/\/supermegaplus.com\/WordPress3\/?p=2545\">Berlin : 16 juin 2018 : Jour 1<\/a><\/p>\n<p><a href=\"https:\/\/supermegaplus.com\/WordPress3\/?p=2557\">Berlin : 17 juin 2018 : Jour 2<\/a><\/p>\n","protected":false},"excerpt":{"rendered":"<p>Notre voyage \u00e0 Berlin s&rsquo;est d\u00e9roul\u00e9 du 16 juin 2018 au 17 juin 2018. Nous n&rsquo;\u00e9tions jamais all\u00e9 dans une ville allemande sauf moi, lors de mon service militaire. Berlin est une ville agr\u00e9able qui vaut le coup d&rsquo;\u00eatre vue. Elle est charg\u00e9e d&rsquo;histoire ancienne, de puissance pendant la seconde guerre mondiale et de modernisme &hellip; <a href=\"https:\/\/supermegaplus.com\/WordPress3\/?page_id=2554\" class=\"more-link\">Continuer la lecture de <span class=\"screen-reader-text\">2018-06-16 &#8211; Berlin<\/span>  <span class=\"meta-nav\">&rarr;<\/span><\/a><\/p>\n","protected":false},"author":2,"featured_media":0,"parent":2205,"menu_order":0,"comment_status":"closed","ping_status":"closed","template":"","meta":{"footnotes":""},"_links":{"self":[{"href":"https:\/\/supermegaplus.com\/WordPress3\/index.php?rest_route=\/wp\/v2\/pages\/2554"}],"collection":[{"href":"https:\/\/supermegaplus.com\/WordPress3\/index.php?rest_route=\/wp\/v2\/pages"}],"about":[{"href":"https:\/\/supermegaplus.com\/WordPress3\/index.php?rest_route=\/wp\/v2\/types\/page"}],"author":[{"embeddable":true,"href":"https:\/\/supermegaplus.com\/WordPress3\/index.php?rest_route=\/wp\/v2\/users\/2"}],"replies":[{"embeddable":true,"href":"https:\/\/supermegaplus.com\/WordPress3\/index.php?rest_route=%2Fwp%2Fv2%2Fcomments&post=2554"}],"version-history":[{"count":4,"href":"https:\/\/supermegaplus.com\/WordPress3\/index.php?rest_route=\/wp\/v2\/pages\/2554\/revisions"}],"predecessor-version":[{"id":2570,"href":"https:\/\/supermegaplus.com\/WordPress3\/index.php?rest_route=\/wp\/v2\/pages\/2554\/revisions\/2570"}],"up":[{"embeddable":true,"href":"https:\/\/supermegaplus.com\/WordPress3\/index.php?rest_route=\/wp\/v2\/pages\/2205"}],"wp:attachment":[{"href":"https:\/\/supermegaplus.com\/WordPress3\/index.php?rest_route=%2Fwp%2Fv2%2Fmedia&parent=2554"}],"curies":[{"name":"wp","href":"https:\/\/api.w.org\/{rel}","templated":true}]}}