{"id":2207,"date":"2018-06-05T22:07:03","date_gmt":"2018-06-05T22:07:03","guid":{"rendered":"http:\/\/supermegaplus.com\/WordPress3\/?page_id=2207"},"modified":"2018-06-07T19:07:07","modified_gmt":"2018-06-07T19:07:07","slug":"2018-05-26-au-2018-06-04-croatie-et-montenegro","status":"publish","type":"page","link":"https:\/\/supermegaplus.com\/WordPress3\/?page_id=2207","title":{"rendered":"2018 05 26 au 2018 06 04 &#8211; Croatie et Montenegro"},"content":{"rendered":"<p>Nous sommes partis 10 jours du 26 mai 2018 au 4 juin 2018.<\/p>\n<p>Premier jour :\u00a0 <a href=\"https:\/\/supermegaplus.com\/WordPress3\/?p=2107\">Arriv\u00e9e et New Dubrovnik<\/a><\/p>\n<p>Deuxi\u00e8me jour : <a href=\"https:\/\/supermegaplus.com\/WordPress3\/?p=2111\">Arriv\u00e9e \u00e0 Korcula<\/a><\/p>\n<p>Troisi\u00e8me jour : <a href=\"https:\/\/supermegaplus.com\/WordPress3\/?p=2111\">Korcula<\/a><\/p>\n<p>Quatri\u00e8me jour : <a href=\"https:\/\/supermegaplus.com\/WordPress3\/?p=2113\">Kayak<\/a><\/p>\n<p>Cinqui\u00e8me jour : <a href=\"https:\/\/supermegaplus.com\/WordPress3\/?p=2115\">Visite de l&rsquo;ile de Korcula<\/a><\/p>\n<p>Sixi\u00e8me jour : <a href=\"https:\/\/supermegaplus.com\/WordPress3\/?p=2106\">Mjet<\/a><\/p>\n<p>Septi\u00e8me jour : <a href=\"https:\/\/supermegaplus.com\/WordPress3\/?p=2124\">Dubrovnik old Town<\/a><\/p>\n<p>Huiti\u00e8me jour : <a href=\"https:\/\/supermegaplus.com\/WordPress3\/?p=2212\">Dubrovnik old Town<\/a><\/p>\n<p>Neuvi\u00e8me jour :\u00a0<a href=\"https:\/\/supermegaplus.com\/WordPress3\/?page_id=2207\">Montenegro<\/a><\/p>\n<p>Dixi\u00e8me jour : <a href=\"https:\/\/supermegaplus.com\/WordPress3\/?p=2440\">Bateau et Retour Paris<\/a><\/p>\n","protected":false},"excerpt":{"rendered":"<p>Nous sommes partis 10 jours du 26 mai 2018 au 4 juin 2018. Premier jour :\u00a0 Arriv\u00e9e et New Dubrovnik Deuxi\u00e8me jour : Arriv\u00e9e \u00e0 Korcula Troisi\u00e8me jour : Korcula Quatri\u00e8me jour : Kayak Cinqui\u00e8me jour : Visite de l&rsquo;ile de Korcula Sixi\u00e8me jour : Mjet Septi\u00e8me jour : Dubrovnik old Town Huiti\u00e8me jour : &hellip; <a href=\"https:\/\/supermegaplus.com\/WordPress3\/?page_id=2207\" class=\"more-link\">Continuer la lecture de <span class=\"screen-reader-text\">2018 05 26 au 2018 06 04 &#8211; Croatie et Montenegro<\/span>  <span class=\"meta-nav\">&rarr;<\/span><\/a><\/p>\n","protected":false},"author":2,"featured_media":0,"parent":2205,"menu_order":0,"comment_status":"closed","ping_status":"closed","template":"","meta":{"footnotes":""},"_links":{"self":[{"href":"https:\/\/supermegaplus.com\/WordPress3\/index.php?rest_route=\/wp\/v2\/pages\/2207"}],"collection":[{"href":"https:\/\/supermegaplus.com\/WordPress3\/index.php?rest_route=\/wp\/v2\/pages"}],"about":[{"href":"https:\/\/supermegaplus.com\/WordPress3\/index.php?rest_route=\/wp\/v2\/types\/page"}],"author":[{"embeddable":true,"href":"https:\/\/supermegaplus.com\/WordPress3\/index.php?rest_route=\/wp\/v2\/users\/2"}],"replies":[{"embeddable":true,"href":"https:\/\/supermegaplus.com\/WordPress3\/index.php?rest_route=%2Fwp%2Fv2%2Fcomments&post=2207"}],"version-history":[{"count":6,"href":"https:\/\/supermegaplus.com\/WordPress3\/index.php?rest_route=\/wp\/v2\/pages\/2207\/revisions"}],"predecessor-version":[{"id":2458,"href":"https:\/\/supermegaplus.com\/WordPress3\/index.php?rest_route=\/wp\/v2\/pages\/2207\/revisions\/2458"}],"up":[{"embeddable":true,"href":"https:\/\/supermegaplus.com\/WordPress3\/index.php?rest_route=\/wp\/v2\/pages\/2205"}],"wp:attachment":[{"href":"https:\/\/supermegaplus.com\/WordPress3\/index.php?rest_route=%2Fwp%2Fv2%2Fmedia&parent=2207"}],"curies":[{"name":"wp","href":"https:\/\/api.w.org\/{rel}","templated":true}]}}