{"id":1666,"date":"2016-01-04T13:44:28","date_gmt":"2016-01-04T13:44:28","guid":{"rendered":"http:\/\/supermegaplus.com\/WordPress3\/?page_id=1666"},"modified":"2017-01-14T14:55:14","modified_gmt":"2017-01-14T14:55:14","slug":"decembre-2015-obseques-papyves","status":"publish","type":"page","link":"https:\/\/supermegaplus.com\/WordPress3\/?page_id=1666","title":{"rendered":"D\u00e9cembre 2015 &#8211; Obs\u00e9ques Papyves"},"content":{"rendered":"<p>11 D\u00e9cembre 2015 : D\u00e9c\u00e8s de Papyves<\/p>\n<p>Papyves nous a quitt\u00e9 ce 11 d\u00e9cembre 2015.<\/p>\n<p><a href=\"https:\/\/supermegaplus.com\/WordPress3\/?p=1658\">15 d\u00e9cembre : Obs\u00e8ques religieuses<\/a><\/p>\n<p><a href=\"https:\/\/supermegaplus.com\/WordPress3\/?p=1658\">Papyves : On t&rsquo;aime<\/a><\/p>\n<p><a href=\"https:\/\/supermegaplus.com\/WordPress3\/?p=1658\"><img decoding=\"async\" loading=\"lazy\" class=\"alignnone wp-image-1668\" src=\"https:\/\/supermegaplus.com\/WordPress3\/wp-content\/uploads\/2016\/01\/2014-12-29-12.34.06-169x300.jpg\" alt=\"2014-12-29 12.34.06\" width=\"248\" height=\"440\" srcset=\"https:\/\/supermegaplus.com\/WordPress3\/wp-content\/uploads\/2016\/01\/2014-12-29-12.34.06-169x300.jpg 169w, https:\/\/supermegaplus.com\/WordPress3\/wp-content\/uploads\/2016\/01\/2014-12-29-12.34.06-576x1024.jpg 576w, https:\/\/supermegaplus.com\/WordPress3\/wp-content\/uploads\/2016\/01\/2014-12-29-12.34.06.jpg 1836w\" sizes=\"(max-width: 248px) 100vw, 248px\" \/><\/a><\/p>\n<p>&nbsp;<\/p>\n<p>&nbsp;<\/p>\n","protected":false},"excerpt":{"rendered":"<p>11 D\u00e9cembre 2015 : D\u00e9c\u00e8s de Papyves Papyves nous a quitt\u00e9 ce 11 d\u00e9cembre 2015. 15 d\u00e9cembre : Obs\u00e8ques religieuses Papyves : On t&rsquo;aime &nbsp; &nbsp;<\/p>\n","protected":false},"author":2,"featured_media":0,"parent":1239,"menu_order":8,"comment_status":"closed","ping_status":"closed","template":"","meta":{"footnotes":""},"_links":{"self":[{"href":"https:\/\/supermegaplus.com\/WordPress3\/index.php?rest_route=\/wp\/v2\/pages\/1666"}],"collection":[{"href":"https:\/\/supermegaplus.com\/WordPress3\/index.php?rest_route=\/wp\/v2\/pages"}],"about":[{"href":"https:\/\/supermegaplus.com\/WordPress3\/index.php?rest_route=\/wp\/v2\/types\/page"}],"author":[{"embeddable":true,"href":"https:\/\/supermegaplus.com\/WordPress3\/index.php?rest_route=\/wp\/v2\/users\/2"}],"replies":[{"embeddable":true,"href":"https:\/\/supermegaplus.com\/WordPress3\/index.php?rest_route=%2Fwp%2Fv2%2Fcomments&post=1666"}],"version-history":[{"count":4,"href":"https:\/\/supermegaplus.com\/WordPress3\/index.php?rest_route=\/wp\/v2\/pages\/1666\/revisions"}],"predecessor-version":[{"id":1701,"href":"https:\/\/supermegaplus.com\/WordPress3\/index.php?rest_route=\/wp\/v2\/pages\/1666\/revisions\/1701"}],"up":[{"embeddable":true,"href":"https:\/\/supermegaplus.com\/WordPress3\/index.php?rest_route=\/wp\/v2\/pages\/1239"}],"wp:attachment":[{"href":"https:\/\/supermegaplus.com\/WordPress3\/index.php?rest_route=%2Fwp%2Fv2%2Fmedia&parent=1666"}],"curies":[{"name":"wp","href":"https:\/\/api.w.org\/{rel}","templated":true}]}}