{"id":1640,"date":"2015-09-22T16:48:51","date_gmt":"2015-09-22T16:48:51","guid":{"rendered":"http:\/\/supermegaplus.com\/WordPress3\/?page_id=1640"},"modified":"2015-09-22T17:09:19","modified_gmt":"2015-09-22T17:09:19","slug":"septembre-2015-we-dans-le-morvan","status":"publish","type":"page","link":"https:\/\/supermegaplus.com\/WordPress3\/?page_id=1640","title":{"rendered":"Septembre 2015 &#8211; WE dans le Morvan"},"content":{"rendered":"<p>Notre Week end annuel du patrimoine \u00e9tait plac\u00e9 cette ann\u00e9e sous le signe de la Bourgogne :<\/p>\n<ul>\n<li>19\/09\/2015 : <a href=\"https:\/\/supermegaplus.com\/WordPress3\/?p=1598\">Chateau de Bazoches et Hotel<\/a><\/li>\n<li>20\/09\/2015 :<a href=\"https:\/\/supermegaplus.com\/WordPress3\/?p=1647\"> Lac des settons et Chateau d&rsquo;\u00e9poisses<\/a><\/li>\n<\/ul>\n<p><img decoding=\"async\" src=\"https:\/\/upload.wikimedia.org\/wikipedia\/commons\/thumb\/5\/5d\/Panorama_Morvan.jpg\/550px-Panorama_Morvan.jpg\" alt=\"\" \/><\/p>\n<p>&nbsp;<\/p>\n","protected":false},"excerpt":{"rendered":"<p>Notre Week end annuel du patrimoine \u00e9tait plac\u00e9 cette ann\u00e9e sous le signe de la Bourgogne : 19\/09\/2015 : Chateau de Bazoches et Hotel 20\/09\/2015 : Lac des settons et Chateau d&rsquo;\u00e9poisses &nbsp;<\/p>\n","protected":false},"author":2,"featured_media":0,"parent":1239,"menu_order":7,"comment_status":"closed","ping_status":"closed","template":"","meta":{"footnotes":""},"_links":{"self":[{"href":"https:\/\/supermegaplus.com\/WordPress3\/index.php?rest_route=\/wp\/v2\/pages\/1640"}],"collection":[{"href":"https:\/\/supermegaplus.com\/WordPress3\/index.php?rest_route=\/wp\/v2\/pages"}],"about":[{"href":"https:\/\/supermegaplus.com\/WordPress3\/index.php?rest_route=\/wp\/v2\/types\/page"}],"author":[{"embeddable":true,"href":"https:\/\/supermegaplus.com\/WordPress3\/index.php?rest_route=\/wp\/v2\/users\/2"}],"replies":[{"embeddable":true,"href":"https:\/\/supermegaplus.com\/WordPress3\/index.php?rest_route=%2Fwp%2Fv2%2Fcomments&post=1640"}],"version-history":[{"count":3,"href":"https:\/\/supermegaplus.com\/WordPress3\/index.php?rest_route=\/wp\/v2\/pages\/1640\/revisions"}],"predecessor-version":[{"id":1649,"href":"https:\/\/supermegaplus.com\/WordPress3\/index.php?rest_route=\/wp\/v2\/pages\/1640\/revisions\/1649"}],"up":[{"embeddable":true,"href":"https:\/\/supermegaplus.com\/WordPress3\/index.php?rest_route=\/wp\/v2\/pages\/1239"}],"wp:attachment":[{"href":"https:\/\/supermegaplus.com\/WordPress3\/index.php?rest_route=%2Fwp%2Fv2%2Fmedia&parent=1640"}],"curies":[{"name":"wp","href":"https:\/\/api.w.org\/{rel}","templated":true}]}}