{"id":1464,"date":"2015-08-29T08:37:04","date_gmt":"2015-08-29T08:37:04","guid":{"rendered":"http:\/\/supermegaplus.com\/WordPress3\/?page_id=1464"},"modified":"2015-09-01T21:16:13","modified_gmt":"2015-09-01T21:16:13","slug":"voyage-en-irlande","status":"publish","type":"page","link":"https:\/\/supermegaplus.com\/WordPress3\/?page_id=1464","title":{"rendered":"Ao\u00fbt 2015 &#8211; Voyage en Irlande"},"content":{"rendered":"<p>du 24 Ao\u00fbt au 28 Ao\u00fbt, Anne-France et Antoine ont pu visiter l&rsquo;Irlande de Dublin \u00e0 Galway<\/p>\n<p><a href=\"https:\/\/supermegaplus.com\/WordPress3\/?p=1467\">Jour 1 : Dublin<\/a><\/p>\n<p><a href=\"https:\/\/supermegaplus.com\/WordPress3\/?p=1572\">Jour 2 : Dublin<\/a><\/p>\n<p><a href=\"https:\/\/supermegaplus.com\/WordPress3\/?p=1582\">Jour 3 : Dublin et Howth<\/a><\/p>\n<p><a href=\"https:\/\/supermegaplus.com\/WordPress3\/?p=1588\">Jour 4 : Cliffs of Moher et Galway<\/a><\/p>\n<p><a href=\"https:\/\/supermegaplus.com\/WordPress3\/?p=1592\">Jour 5 : Le connemara<\/a><\/p>\n<p><a href=\"http:\/\/&lt;iframe src=&quot;https:\/\/www.google.com\/maps\/embed?pb=!1m28!1m12!1m3!1d1711786.1557626761!2d-7.414269048910474!3d53.66314354186556!2m3!1f0!2f0!3f0!3m2!1i1024!2i768!4f13.1!4m13!3e6!4m5!1s0x48670e80ea27ac2f%3A0xa00c7a9973171a0!2sDublin%2C+Irlande!3m2!1d53.3498053!2d-6.2603097!4m5!1s0x485b93955a2d5bff%3A0x32b1b440a495281!2sGalway%2C+Irlande!3m2!1d53.270668!2d-9.0567905!5e0!3m2!1sfr!2sfr!4v1440837191938&quot; width=&quot;600&quot; height=&quot;450&quot; frameborder=&quot;0&quot; style=&quot;border:0&quot; allowfullscreen&gt;&lt;\/iframe&gt;\"><iframe loading=\"lazy\" style=\"border: 0;\" src=\"https:\/\/www.google.com\/maps\/embed?pb=!1m28!1m12!1m3!1d1711786.1557626761!2d-7.414269048910474!3d53.66314354186556!2m3!1f0!2f0!3f0!3m2!1i1024!2i768!4f13.1!4m13!3e6!4m5!1s0x48670e80ea27ac2f%3A0xa00c7a9973171a0!2sDublin%2C+Irlande!3m2!1d53.3498053!2d-6.2603097!4m5!1s0x485b93955a2d5bff%3A0x32b1b440a495281!2sGalway%2C+Irlande!3m2!1d53.270668!2d-9.0567905!5e0!3m2!1sfr!2sfr!4v1440837191938\" width=\"600\" height=\"450\" frameborder=\"0\" allowfullscreen=\"allowfullscreen\"><\/iframe><\/a><\/p>\n","protected":false},"excerpt":{"rendered":"<p>du 24 Ao\u00fbt au 28 Ao\u00fbt, Anne-France et Antoine ont pu visiter l&rsquo;Irlande de Dublin \u00e0 Galway Jour 1 : Dublin Jour 2 : Dublin Jour 3 : Dublin et Howth Jour 4 : Cliffs of Moher et Galway Jour 5 : Le connemara<\/p>\n","protected":false},"author":2,"featured_media":0,"parent":1239,"menu_order":5,"comment_status":"closed","ping_status":"closed","template":"","meta":{"footnotes":""},"_links":{"self":[{"href":"https:\/\/supermegaplus.com\/WordPress3\/index.php?rest_route=\/wp\/v2\/pages\/1464"}],"collection":[{"href":"https:\/\/supermegaplus.com\/WordPress3\/index.php?rest_route=\/wp\/v2\/pages"}],"about":[{"href":"https:\/\/supermegaplus.com\/WordPress3\/index.php?rest_route=\/wp\/v2\/types\/page"}],"author":[{"embeddable":true,"href":"https:\/\/supermegaplus.com\/WordPress3\/index.php?rest_route=\/wp\/v2\/users\/2"}],"replies":[{"embeddable":true,"href":"https:\/\/supermegaplus.com\/WordPress3\/index.php?rest_route=%2Fwp%2Fv2%2Fcomments&post=1464"}],"version-history":[{"count":8,"href":"https:\/\/supermegaplus.com\/WordPress3\/index.php?rest_route=\/wp\/v2\/pages\/1464\/revisions"}],"predecessor-version":[{"id":1594,"href":"https:\/\/supermegaplus.com\/WordPress3\/index.php?rest_route=\/wp\/v2\/pages\/1464\/revisions\/1594"}],"up":[{"embeddable":true,"href":"https:\/\/supermegaplus.com\/WordPress3\/index.php?rest_route=\/wp\/v2\/pages\/1239"}],"wp:attachment":[{"href":"https:\/\/supermegaplus.com\/WordPress3\/index.php?rest_route=%2Fwp%2Fv2%2Fmedia&parent=1464"}],"curies":[{"name":"wp","href":"https:\/\/api.w.org\/{rel}","templated":true}]}}