{"id":1260,"date":"2015-02-21T14:20:56","date_gmt":"2015-02-21T14:20:56","guid":{"rendered":"http:\/\/supermegaplus.com\/WordPress3\/?page_id=1260"},"modified":"2015-08-30T15:21:11","modified_gmt":"2015-08-30T15:21:11","slug":"des-chiots-pour-gibson","status":"publish","type":"page","link":"https:\/\/supermegaplus.com\/WordPress3\/?page_id=1260","title":{"rendered":"F\u00e9vrier 2015 &#8211; Des Chiots pour Gibson&#8230;"},"content":{"rendered":"<p>En d\u00e9cembre 2014, Gibson a couvert une chienne Yorkshire.<\/p>\n<p><a href=\"https:\/\/supermegaplus.com\/WordPress3\/wp-content\/uploads\/2015\/02\/2015-02-02-20.13.54-gibson-e1424528208842.jpg\"><img decoding=\"async\" loading=\"lazy\" class=\"alignnone size-medium wp-image-1264\" src=\"https:\/\/supermegaplus.com\/WordPress3\/wp-content\/uploads\/2015\/02\/2015-02-02-20.13.54-gibson-e1424528208842-169x300.jpg\" alt=\"2015-02-02 20.13.54 -gibson\" width=\"169\" height=\"300\" srcset=\"https:\/\/supermegaplus.com\/WordPress3\/wp-content\/uploads\/2015\/02\/2015-02-02-20.13.54-gibson-e1424528208842-169x300.jpg 169w, https:\/\/supermegaplus.com\/WordPress3\/wp-content\/uploads\/2015\/02\/2015-02-02-20.13.54-gibson-e1424528208842-576x1024.jpg 576w, https:\/\/supermegaplus.com\/WordPress3\/wp-content\/uploads\/2015\/02\/2015-02-02-20.13.54-gibson-e1424528208842.jpg 1836w\" sizes=\"(max-width: 169px) 100vw, 169px\" \/><\/a><\/p>\n<p><a href=\"https:\/\/supermegaplus.com\/WordPress3\/wp-content\/uploads\/2015\/02\/2015-02-02-20.14.21-Gibson-e1424528189806.jpg\"><img decoding=\"async\" loading=\"lazy\" class=\"alignnone size-medium wp-image-1265\" src=\"https:\/\/supermegaplus.com\/WordPress3\/wp-content\/uploads\/2015\/02\/2015-02-02-20.14.21-Gibson-e1424528189806-300x169.jpg\" alt=\"2015-02-02 20.14.21 Gibson\" width=\"300\" height=\"169\" srcset=\"https:\/\/supermegaplus.com\/WordPress3\/wp-content\/uploads\/2015\/02\/2015-02-02-20.14.21-Gibson-e1424528189806-300x169.jpg 300w, https:\/\/supermegaplus.com\/WordPress3\/wp-content\/uploads\/2015\/02\/2015-02-02-20.14.21-Gibson-e1424528189806-1024x576.jpg 1024w\" sizes=\"(max-width: 300px) 100vw, 300px\" \/><\/a><\/p>\n<p>Nous attendions avec impatience le r\u00e9sultat..<\/p>\n<p>5 petits chiots sont arriv\u00e9s le 31 janvier&#8230;<\/p>\n<p><a href=\"https:\/\/supermegaplus.com\/WordPress3\/wp-content\/uploads\/2015\/02\/2015-02-01-11-50-00.jpg\"><img decoding=\"async\" loading=\"lazy\" class=\"alignnone size-medium wp-image-1263\" src=\"https:\/\/supermegaplus.com\/WordPress3\/wp-content\/uploads\/2015\/02\/2015-02-01-11-50-00-300x201.jpg\" alt=\"2015-02-01 11-50-00\" width=\"300\" height=\"201\" srcset=\"https:\/\/supermegaplus.com\/WordPress3\/wp-content\/uploads\/2015\/02\/2015-02-01-11-50-00-300x201.jpg 300w, https:\/\/supermegaplus.com\/WordPress3\/wp-content\/uploads\/2015\/02\/2015-02-01-11-50-00-1024x685.jpg 1024w\" sizes=\"(max-width: 300px) 100vw, 300px\" \/><\/a><\/p>\n<p><a href=\"https:\/\/supermegaplus.com\/WordPress3\/wp-content\/uploads\/2015\/02\/2015-02-01-11-19-00.jpg\"><img decoding=\"async\" loading=\"lazy\" class=\"alignnone size-medium wp-image-1262\" src=\"https:\/\/supermegaplus.com\/WordPress3\/wp-content\/uploads\/2015\/02\/2015-02-01-11-19-00-300x201.jpg\" alt=\"2015-02-01 11-19-00\" width=\"300\" height=\"201\" srcset=\"https:\/\/supermegaplus.com\/WordPress3\/wp-content\/uploads\/2015\/02\/2015-02-01-11-19-00-300x201.jpg 300w, https:\/\/supermegaplus.com\/WordPress3\/wp-content\/uploads\/2015\/02\/2015-02-01-11-19-00-1024x685.jpg 1024w\" sizes=\"(max-width: 300px) 100vw, 300px\" \/><\/a><\/p>\n<p><a href=\"https:\/\/supermegaplus.com\/WordPress3\/wp-content\/uploads\/2015\/02\/2015-02-01-08-42-00.jpg\"><img decoding=\"async\" loading=\"lazy\" class=\"alignnone size-medium wp-image-1261\" src=\"https:\/\/supermegaplus.com\/WordPress3\/wp-content\/uploads\/2015\/02\/2015-02-01-08-42-00-300x201.jpg\" alt=\"2015-02-01 08-42-00\" width=\"300\" height=\"201\" srcset=\"https:\/\/supermegaplus.com\/WordPress3\/wp-content\/uploads\/2015\/02\/2015-02-01-08-42-00-300x201.jpg 300w, https:\/\/supermegaplus.com\/WordPress3\/wp-content\/uploads\/2015\/02\/2015-02-01-08-42-00-1024x685.jpg 1024w\" sizes=\"(max-width: 300px) 100vw, 300px\" \/><\/a><\/p>\n<p>&nbsp;<\/p>\n<p>et ils grandissent &#8230;<a href=\"https:\/\/supermegaplus.com\/WordPress3\/wp-content\/uploads\/2015\/02\/20150204_104029.jpeg\"><img decoding=\"async\" loading=\"lazy\" class=\"alignnone size-medium wp-image-1267\" src=\"https:\/\/supermegaplus.com\/WordPress3\/wp-content\/uploads\/2015\/02\/20150204_104029-300x169.jpeg\" alt=\"20150204_104029\" width=\"300\" height=\"169\" srcset=\"https:\/\/supermegaplus.com\/WordPress3\/wp-content\/uploads\/2015\/02\/20150204_104029-300x169.jpeg 300w, https:\/\/supermegaplus.com\/WordPress3\/wp-content\/uploads\/2015\/02\/20150204_104029-1024x576.jpeg 1024w, https:\/\/supermegaplus.com\/WordPress3\/wp-content\/uploads\/2015\/02\/20150204_104029.jpeg 1280w\" sizes=\"(max-width: 300px) 100vw, 300px\" \/><\/a><\/p>\n<p><a href=\"https:\/\/supermegaplus.com\/WordPress3\/wp-content\/uploads\/2015\/02\/20150209_101027.jpeg\"><img decoding=\"async\" loading=\"lazy\" class=\"alignnone size-medium wp-image-1268\" src=\"https:\/\/supermegaplus.com\/WordPress3\/wp-content\/uploads\/2015\/02\/20150209_101027-169x300.jpeg\" alt=\"20150209_101027\" width=\"169\" height=\"300\" srcset=\"https:\/\/supermegaplus.com\/WordPress3\/wp-content\/uploads\/2015\/02\/20150209_101027-169x300.jpeg 169w, https:\/\/supermegaplus.com\/WordPress3\/wp-content\/uploads\/2015\/02\/20150209_101027-576x1024.jpeg 576w, https:\/\/supermegaplus.com\/WordPress3\/wp-content\/uploads\/2015\/02\/20150209_101027.jpeg 720w\" sizes=\"(max-width: 169px) 100vw, 169px\" \/><\/a> <a href=\"https:\/\/supermegaplus.com\/WordPress3\/wp-content\/uploads\/2015\/02\/20150217_075550.jpeg\"><img decoding=\"async\" loading=\"lazy\" class=\"alignnone size-medium wp-image-1269\" src=\"https:\/\/supermegaplus.com\/WordPress3\/wp-content\/uploads\/2015\/02\/20150217_075550-169x300.jpeg\" alt=\"20150217_075550\" width=\"169\" height=\"300\" srcset=\"https:\/\/supermegaplus.com\/WordPress3\/wp-content\/uploads\/2015\/02\/20150217_075550-169x300.jpeg 169w, https:\/\/supermegaplus.com\/WordPress3\/wp-content\/uploads\/2015\/02\/20150217_075550-576x1024.jpeg 576w, https:\/\/supermegaplus.com\/WordPress3\/wp-content\/uploads\/2015\/02\/20150217_075550.jpeg 720w\" sizes=\"(max-width: 169px) 100vw, 169px\" \/><\/a><\/p>\n<p><a href=\"https:\/\/supermegaplus.com\/WordPress3\/wp-content\/uploads\/2015\/02\/DSC_0179.jpg\"><img decoding=\"async\" loading=\"lazy\" class=\"alignnone size-medium wp-image-1270\" src=\"https:\/\/supermegaplus.com\/WordPress3\/wp-content\/uploads\/2015\/02\/DSC_0179-300x201.jpg\" alt=\"DSC_0179\" width=\"300\" height=\"201\" srcset=\"https:\/\/supermegaplus.com\/WordPress3\/wp-content\/uploads\/2015\/02\/DSC_0179-300x201.jpg 300w, https:\/\/supermegaplus.com\/WordPress3\/wp-content\/uploads\/2015\/02\/DSC_0179-1024x685.jpg 1024w\" sizes=\"(max-width: 300px) 100vw, 300px\" \/><\/a><\/p>\n<p><a href=\"https:\/\/supermegaplus.com\/WordPress3\/wp-content\/uploads\/2015\/02\/DSC_0249.jpg\"><img decoding=\"async\" loading=\"lazy\" class=\"alignnone size-medium wp-image-1271\" src=\"https:\/\/supermegaplus.com\/WordPress3\/wp-content\/uploads\/2015\/02\/DSC_0249-300x201.jpg\" alt=\"DSC_0249\" width=\"300\" height=\"201\" srcset=\"https:\/\/supermegaplus.com\/WordPress3\/wp-content\/uploads\/2015\/02\/DSC_0249-300x201.jpg 300w, https:\/\/supermegaplus.com\/WordPress3\/wp-content\/uploads\/2015\/02\/DSC_0249-1024x685.jpg 1024w\" sizes=\"(max-width: 300px) 100vw, 300px\" \/><\/a><\/p>\n<p><a href=\"https:\/\/supermegaplus.com\/WordPress3\/wp-content\/uploads\/2015\/02\/DSC_0256.jpg\"><img decoding=\"async\" loading=\"lazy\" class=\"alignnone size-medium wp-image-1272\" src=\"https:\/\/supermegaplus.com\/WordPress3\/wp-content\/uploads\/2015\/02\/DSC_0256-300x201.jpg\" alt=\"DSC_0256\" width=\"300\" height=\"201\" srcset=\"https:\/\/supermegaplus.com\/WordPress3\/wp-content\/uploads\/2015\/02\/DSC_0256-300x201.jpg 300w, https:\/\/supermegaplus.com\/WordPress3\/wp-content\/uploads\/2015\/02\/DSC_0256-1024x685.jpg 1024w\" sizes=\"(max-width: 300px) 100vw, 300px\" \/><\/a><\/p>\n<p><a href=\"https:\/\/supermegaplus.com\/WordPress3\/wp-content\/uploads\/2015\/02\/DSC_0362.jpg\"><img decoding=\"async\" loading=\"lazy\" class=\"alignnone size-medium wp-image-1273\" src=\"https:\/\/supermegaplus.com\/WordPress3\/wp-content\/uploads\/2015\/02\/DSC_0362-300x201.jpg\" alt=\"DSC_0362\" width=\"300\" height=\"201\" srcset=\"https:\/\/supermegaplus.com\/WordPress3\/wp-content\/uploads\/2015\/02\/DSC_0362-300x201.jpg 300w, https:\/\/supermegaplus.com\/WordPress3\/wp-content\/uploads\/2015\/02\/DSC_0362-1024x685.jpg 1024w\" sizes=\"(max-width: 300px) 100vw, 300px\" \/><\/a><\/p>\n<p><a href=\"https:\/\/supermegaplus.com\/WordPress3\/wp-content\/uploads\/2015\/02\/DSC_0365.jpg\"><img decoding=\"async\" loading=\"lazy\" class=\"alignnone size-medium wp-image-1274\" src=\"https:\/\/supermegaplus.com\/WordPress3\/wp-content\/uploads\/2015\/02\/DSC_0365-300x201.jpg\" alt=\"DSC_0365\" width=\"300\" height=\"201\" srcset=\"https:\/\/supermegaplus.com\/WordPress3\/wp-content\/uploads\/2015\/02\/DSC_0365-300x201.jpg 300w, https:\/\/supermegaplus.com\/WordPress3\/wp-content\/uploads\/2015\/02\/DSC_0365-1024x685.jpg 1024w\" sizes=\"(max-width: 300px) 100vw, 300px\" \/><\/a><\/p>\n<p><a href=\"https:\/\/supermegaplus.com\/WordPress3\/wp-content\/uploads\/2015\/02\/DSC_0441.jpg\"><img decoding=\"async\" loading=\"lazy\" class=\"alignnone size-medium wp-image-1275\" src=\"https:\/\/supermegaplus.com\/WordPress3\/wp-content\/uploads\/2015\/02\/DSC_0441-300x201.jpg\" alt=\"DSC_0441\" width=\"300\" height=\"201\" srcset=\"https:\/\/supermegaplus.com\/WordPress3\/wp-content\/uploads\/2015\/02\/DSC_0441-300x201.jpg 300w, https:\/\/supermegaplus.com\/WordPress3\/wp-content\/uploads\/2015\/02\/DSC_0441-1024x685.jpg 1024w\" sizes=\"(max-width: 300px) 100vw, 300px\" \/><\/a><\/p>\n<p><a href=\"https:\/\/supermegaplus.com\/WordPress3\/wp-content\/uploads\/2015\/02\/DSC_0468.jpg\"><img decoding=\"async\" loading=\"lazy\" class=\"alignnone size-medium wp-image-1276\" src=\"https:\/\/supermegaplus.com\/WordPress3\/wp-content\/uploads\/2015\/02\/DSC_0468-300x201.jpg\" alt=\"DSC_0468\" width=\"300\" height=\"201\" srcset=\"https:\/\/supermegaplus.com\/WordPress3\/wp-content\/uploads\/2015\/02\/DSC_0468-300x201.jpg 300w, https:\/\/supermegaplus.com\/WordPress3\/wp-content\/uploads\/2015\/02\/DSC_0468-1024x685.jpg 1024w\" sizes=\"(max-width: 300px) 100vw, 300px\" \/><\/a><\/p>\n<p><a href=\"https:\/\/supermegaplus.com\/WordPress3\/wp-content\/uploads\/2015\/02\/DSC_0471.jpg\"><img decoding=\"async\" loading=\"lazy\" class=\"alignnone size-medium wp-image-1277\" src=\"https:\/\/supermegaplus.com\/WordPress3\/wp-content\/uploads\/2015\/02\/DSC_0471-300x201.jpg\" alt=\"DSC_0471\" width=\"300\" height=\"201\" srcset=\"https:\/\/supermegaplus.com\/WordPress3\/wp-content\/uploads\/2015\/02\/DSC_0471-300x201.jpg 300w, https:\/\/supermegaplus.com\/WordPress3\/wp-content\/uploads\/2015\/02\/DSC_0471-1024x685.jpg 1024w\" sizes=\"(max-width: 300px) 100vw, 300px\" \/><\/a><\/p>\n<p><a href=\"https:\/\/supermegaplus.com\/WordPress3\/wp-content\/uploads\/2015\/02\/DSC_0483.jpg\"><img decoding=\"async\" loading=\"lazy\" class=\"alignnone size-medium wp-image-1278\" src=\"https:\/\/supermegaplus.com\/WordPress3\/wp-content\/uploads\/2015\/02\/DSC_0483-300x201.jpg\" alt=\"DSC_0483\" width=\"300\" height=\"201\" srcset=\"https:\/\/supermegaplus.com\/WordPress3\/wp-content\/uploads\/2015\/02\/DSC_0483-300x201.jpg 300w, https:\/\/supermegaplus.com\/WordPress3\/wp-content\/uploads\/2015\/02\/DSC_0483-1024x685.jpg 1024w\" sizes=\"(max-width: 300px) 100vw, 300px\" \/><\/a> <a href=\"https:\/\/supermegaplus.com\/WordPress3\/wp-content\/uploads\/2015\/02\/DSC_0484.jpg\"><img decoding=\"async\" loading=\"lazy\" class=\"alignnone size-medium wp-image-1279\" src=\"https:\/\/supermegaplus.com\/WordPress3\/wp-content\/uploads\/2015\/02\/DSC_0484-300x201.jpg\" alt=\"DSC_0484\" width=\"300\" height=\"201\" srcset=\"https:\/\/supermegaplus.com\/WordPress3\/wp-content\/uploads\/2015\/02\/DSC_0484-300x201.jpg 300w, https:\/\/supermegaplus.com\/WordPress3\/wp-content\/uploads\/2015\/02\/DSC_0484-1024x685.jpg 1024w\" sizes=\"(max-width: 300px) 100vw, 300px\" \/><\/a><\/p>\n<p><a href=\"https:\/\/supermegaplus.com\/WordPress3\/wp-content\/uploads\/2015\/02\/Screenshot_2015-02-16-14-48-10.png\"><img decoding=\"async\" loading=\"lazy\" class=\"alignnone size-medium wp-image-1280\" src=\"https:\/\/supermegaplus.com\/WordPress3\/wp-content\/uploads\/2015\/02\/Screenshot_2015-02-16-14-48-10-169x300.png\" alt=\"Screenshot_2015-02-16-14-48-10\" width=\"169\" height=\"300\" srcset=\"https:\/\/supermegaplus.com\/WordPress3\/wp-content\/uploads\/2015\/02\/Screenshot_2015-02-16-14-48-10-169x300.png 169w, https:\/\/supermegaplus.com\/WordPress3\/wp-content\/uploads\/2015\/02\/Screenshot_2015-02-16-14-48-10-576x1024.png 576w, https:\/\/supermegaplus.com\/WordPress3\/wp-content\/uploads\/2015\/02\/Screenshot_2015-02-16-14-48-10.png 720w\" sizes=\"(max-width: 169px) 100vw, 169px\" \/><\/a><\/p>\n","protected":false},"excerpt":{"rendered":"<p>En d\u00e9cembre 2014, Gibson a couvert une chienne Yorkshire. Nous attendions avec impatience le r\u00e9sultat.. 5 petits chiots sont arriv\u00e9s le 31 janvier&#8230; &nbsp; et ils grandissent &#8230;<\/p>\n","protected":false},"author":2,"featured_media":1261,"parent":1239,"menu_order":2,"comment_status":"open","ping_status":"open","template":"","meta":{"footnotes":""},"_links":{"self":[{"href":"https:\/\/supermegaplus.com\/WordPress3\/index.php?rest_route=\/wp\/v2\/pages\/1260"}],"collection":[{"href":"https:\/\/supermegaplus.com\/WordPress3\/index.php?rest_route=\/wp\/v2\/pages"}],"about":[{"href":"https:\/\/supermegaplus.com\/WordPress3\/index.php?rest_route=\/wp\/v2\/types\/page"}],"author":[{"embeddable":true,"href":"https:\/\/supermegaplus.com\/WordPress3\/index.php?rest_route=\/wp\/v2\/users\/2"}],"replies":[{"embeddable":true,"href":"https:\/\/supermegaplus.com\/WordPress3\/index.php?rest_route=%2Fwp%2Fv2%2Fcomments&post=1260"}],"version-history":[{"count":2,"href":"https:\/\/supermegaplus.com\/WordPress3\/index.php?rest_route=\/wp\/v2\/pages\/1260\/revisions"}],"predecessor-version":[{"id":1578,"href":"https:\/\/supermegaplus.com\/WordPress3\/index.php?rest_route=\/wp\/v2\/pages\/1260\/revisions\/1578"}],"up":[{"embeddable":true,"href":"https:\/\/supermegaplus.com\/WordPress3\/index.php?rest_route=\/wp\/v2\/pages\/1239"}],"wp:featuredmedia":[{"embeddable":true,"href":"https:\/\/supermegaplus.com\/WordPress3\/index.php?rest_route=\/wp\/v2\/media\/1261"}],"wp:attachment":[{"href":"https:\/\/supermegaplus.com\/WordPress3\/index.php?rest_route=%2Fwp%2Fv2%2Fmedia&parent=1260"}],"curies":[{"name":"wp","href":"https:\/\/api.w.org\/{rel}","templated":true}]}}