{"id":1241,"date":"2015-02-21T14:09:44","date_gmt":"2015-02-21T14:09:44","guid":{"rendered":"http:\/\/supermegaplus.com\/WordPress3\/?page_id=1241"},"modified":"2015-08-30T15:20:55","modified_gmt":"2015-08-30T15:20:55","slug":"teuf-denfer-chez-jacques","status":"publish","type":"page","link":"https:\/\/supermegaplus.com\/WordPress3\/?page_id=1241","title":{"rendered":"Janvier 2015 -Teuf d&rsquo;enfer chez Jacques"},"content":{"rendered":"<p>Le premier de l&rsquo;an s&rsquo;est d\u00e9roul\u00e9 chez Jacques et Martine \u00e0 Boulogne Billancourt<\/p>\n<p>Les amis de longue date \u00e9taient pr\u00e9sents et c&rsquo;est toujours avec joie que nous retrouvons Phil et Corinne :<\/p>\n<p><a href=\"https:\/\/supermegaplus.com\/WordPress3\/wp-content\/uploads\/2015\/02\/P1011303.jpg\"><img decoding=\"async\" loading=\"lazy\" class=\"alignnone size-medium wp-image-1252\" src=\"https:\/\/supermegaplus.com\/WordPress3\/wp-content\/uploads\/2015\/02\/P1011303-300x225.jpg\" alt=\"OLYMPUS DIGITAL CAMERA\" width=\"300\" height=\"225\" srcset=\"https:\/\/supermegaplus.com\/WordPress3\/wp-content\/uploads\/2015\/02\/P1011303-300x225.jpg 300w, https:\/\/supermegaplus.com\/WordPress3\/wp-content\/uploads\/2015\/02\/P1011303-1024x768.jpg 1024w\" sizes=\"(max-width: 300px) 100vw, 300px\" \/><\/a><\/p>\n<p><a href=\"https:\/\/supermegaplus.com\/WordPress3\/wp-content\/uploads\/2015\/02\/P1011318.jpg\"><img decoding=\"async\" loading=\"lazy\" class=\"alignnone size-medium wp-image-1256\" src=\"https:\/\/supermegaplus.com\/WordPress3\/wp-content\/uploads\/2015\/02\/P1011318-300x225.jpg\" alt=\"OLYMPUS DIGITAL CAMERA\" width=\"300\" height=\"225\" srcset=\"https:\/\/supermegaplus.com\/WordPress3\/wp-content\/uploads\/2015\/02\/P1011318-300x225.jpg 300w, https:\/\/supermegaplus.com\/WordPress3\/wp-content\/uploads\/2015\/02\/P1011318-1024x768.jpg 1024w\" sizes=\"(max-width: 300px) 100vw, 300px\" \/><\/a><\/p>\n<p>&nbsp;<\/p>\n<p>Ils nous viennent de Hong Kong&#8230;<\/p>\n<p>&nbsp;<\/p>\n<p>Apr\u00e8s un repas magique sign\u00e9 Jacques, \u00a0il \u00e9tait temps de souhaiter la bonne ann\u00e9e ;<\/p>\n<p><a href=\"https:\/\/supermegaplus.com\/WordPress3\/wp-content\/uploads\/2015\/02\/P1011322.jpg\"><img decoding=\"async\" loading=\"lazy\" class=\"alignnone size-medium wp-image-1257\" src=\"https:\/\/supermegaplus.com\/WordPress3\/wp-content\/uploads\/2015\/02\/P1011322-225x300.jpg\" alt=\"OLYMPUS DIGITAL CAMERA\" width=\"225\" height=\"300\" srcset=\"https:\/\/supermegaplus.com\/WordPress3\/wp-content\/uploads\/2015\/02\/P1011322-225x300.jpg 225w, https:\/\/supermegaplus.com\/WordPress3\/wp-content\/uploads\/2015\/02\/P1011322-768x1024.jpg 768w\" sizes=\"(max-width: 225px) 100vw, 225px\" \/><\/a> <a href=\"https:\/\/supermegaplus.com\/WordPress3\/wp-content\/uploads\/2015\/02\/2015-01-01-00.22.07.jpg\"><img decoding=\"async\" loading=\"lazy\" class=\"alignnone size-medium wp-image-1249\" src=\"https:\/\/supermegaplus.com\/WordPress3\/wp-content\/uploads\/2015\/02\/2015-01-01-00.22.07-225x300.jpg\" alt=\"2015-01-01 00.22.07\" width=\"225\" height=\"300\" srcset=\"https:\/\/supermegaplus.com\/WordPress3\/wp-content\/uploads\/2015\/02\/2015-01-01-00.22.07-225x300.jpg 225w, https:\/\/supermegaplus.com\/WordPress3\/wp-content\/uploads\/2015\/02\/2015-01-01-00.22.07-768x1024.jpg 768w\" sizes=\"(max-width: 225px) 100vw, 225px\" \/><\/a> <a href=\"https:\/\/supermegaplus.com\/WordPress3\/wp-content\/uploads\/2015\/02\/2015-01-01-00.06.25.jpg\"><img decoding=\"async\" loading=\"lazy\" class=\"alignnone size-medium wp-image-1248\" src=\"https:\/\/supermegaplus.com\/WordPress3\/wp-content\/uploads\/2015\/02\/2015-01-01-00.06.25-169x300.jpg\" alt=\"2015-01-01 00.06.25\" width=\"169\" height=\"300\" srcset=\"https:\/\/supermegaplus.com\/WordPress3\/wp-content\/uploads\/2015\/02\/2015-01-01-00.06.25-169x300.jpg 169w, https:\/\/supermegaplus.com\/WordPress3\/wp-content\/uploads\/2015\/02\/2015-01-01-00.06.25-576x1024.jpg 576w, https:\/\/supermegaplus.com\/WordPress3\/wp-content\/uploads\/2015\/02\/2015-01-01-00.06.25.jpg 1836w\" sizes=\"(max-width: 169px) 100vw, 169px\" \/><\/a><\/p>\n<p>&nbsp;<\/p>\n<p>Vive l&rsquo;ann\u00e9e 2015&#8230;&#8230;<\/p>\n<p>&nbsp;<\/p>\n<p><a href=\"https:\/\/supermegaplus.com\/WordPress3\/wp-content\/uploads\/2015\/02\/P1011316.jpg\"><img decoding=\"async\" loading=\"lazy\" class=\"alignnone size-medium wp-image-1255\" src=\"https:\/\/supermegaplus.com\/WordPress3\/wp-content\/uploads\/2015\/02\/P1011316-300x225.jpg\" alt=\"OLYMPUS DIGITAL CAMERA\" width=\"300\" height=\"225\" srcset=\"https:\/\/supermegaplus.com\/WordPress3\/wp-content\/uploads\/2015\/02\/P1011316-300x225.jpg 300w, https:\/\/supermegaplus.com\/WordPress3\/wp-content\/uploads\/2015\/02\/P1011316-1024x768.jpg 1024w\" sizes=\"(max-width: 300px) 100vw, 300px\" \/><\/a><\/p>\n<p><a href=\"https:\/\/supermegaplus.com\/WordPress3\/wp-content\/uploads\/2015\/02\/P1011300.jpg\"><img decoding=\"async\" loading=\"lazy\" class=\"alignnone size-medium wp-image-1251\" src=\"https:\/\/supermegaplus.com\/WordPress3\/wp-content\/uploads\/2015\/02\/P1011300-300x225.jpg\" alt=\"OLYMPUS DIGITAL CAMERA\" width=\"300\" height=\"225\" srcset=\"https:\/\/supermegaplus.com\/WordPress3\/wp-content\/uploads\/2015\/02\/P1011300-300x225.jpg 300w, https:\/\/supermegaplus.com\/WordPress3\/wp-content\/uploads\/2015\/02\/P1011300-1024x768.jpg 1024w\" sizes=\"(max-width: 300px) 100vw, 300px\" \/><\/a><\/p>\n<p><a href=\"https:\/\/supermegaplus.com\/WordPress3\/wp-content\/uploads\/2015\/02\/2014-12-31-22.02.01-1.jpg\"><img decoding=\"async\" loading=\"lazy\" class=\"alignnone size-medium wp-image-1246\" src=\"https:\/\/supermegaplus.com\/WordPress3\/wp-content\/uploads\/2015\/02\/2014-12-31-22.02.01-1-300x225.jpg\" alt=\"2014-12-31 22.02.01-1\" width=\"300\" height=\"225\" srcset=\"https:\/\/supermegaplus.com\/WordPress3\/wp-content\/uploads\/2015\/02\/2014-12-31-22.02.01-1-300x225.jpg 300w, https:\/\/supermegaplus.com\/WordPress3\/wp-content\/uploads\/2015\/02\/2014-12-31-22.02.01-1-1024x768.jpg 1024w\" sizes=\"(max-width: 300px) 100vw, 300px\" \/><\/a><\/p>\n<p>&nbsp;<\/p>\n<p><a href=\"https:\/\/supermegaplus.com\/WordPress3\/wp-content\/uploads\/2015\/02\/2014-12-31-22.01.40.jpg\"><img decoding=\"async\" loading=\"lazy\" class=\"alignnone size-medium wp-image-1245\" src=\"https:\/\/supermegaplus.com\/WordPress3\/wp-content\/uploads\/2015\/02\/2014-12-31-22.01.40-300x225.jpg\" alt=\"2014-12-31 22.01.40\" width=\"300\" height=\"225\" srcset=\"https:\/\/supermegaplus.com\/WordPress3\/wp-content\/uploads\/2015\/02\/2014-12-31-22.01.40-300x225.jpg 300w, https:\/\/supermegaplus.com\/WordPress3\/wp-content\/uploads\/2015\/02\/2014-12-31-22.01.40-1024x768.jpg 1024w\" sizes=\"(max-width: 300px) 100vw, 300px\" \/><\/a><\/p>\n<p><a href=\"https:\/\/supermegaplus.com\/WordPress3\/wp-content\/uploads\/2015\/02\/2014-12-31-22.00.47.jpg\"><img decoding=\"async\" loading=\"lazy\" class=\"alignnone size-medium wp-image-1244\" src=\"https:\/\/supermegaplus.com\/WordPress3\/wp-content\/uploads\/2015\/02\/2014-12-31-22.00.47-300x225.jpg\" alt=\"2014-12-31 22.00.47\" width=\"300\" height=\"225\" srcset=\"https:\/\/supermegaplus.com\/WordPress3\/wp-content\/uploads\/2015\/02\/2014-12-31-22.00.47-300x225.jpg 300w, https:\/\/supermegaplus.com\/WordPress3\/wp-content\/uploads\/2015\/02\/2014-12-31-22.00.47-1024x768.jpg 1024w\" sizes=\"(max-width: 300px) 100vw, 300px\" \/><\/a><\/p>\n<p><a href=\"https:\/\/supermegaplus.com\/WordPress3\/wp-content\/uploads\/2015\/02\/2014-12-31-21.53.53.jpg\"><img decoding=\"async\" loading=\"lazy\" class=\"alignnone size-medium wp-image-1243\" src=\"https:\/\/supermegaplus.com\/WordPress3\/wp-content\/uploads\/2015\/02\/2014-12-31-21.53.53-300x225.jpg\" alt=\"2014-12-31 21.53.53\" width=\"300\" height=\"225\" srcset=\"https:\/\/supermegaplus.com\/WordPress3\/wp-content\/uploads\/2015\/02\/2014-12-31-21.53.53-300x225.jpg 300w, https:\/\/supermegaplus.com\/WordPress3\/wp-content\/uploads\/2015\/02\/2014-12-31-21.53.53-1024x768.jpg 1024w\" sizes=\"(max-width: 300px) 100vw, 300px\" \/><\/a><\/p>\n<p><a href=\"https:\/\/supermegaplus.com\/WordPress3\/wp-content\/uploads\/2015\/02\/2014-12-31-21.16.17-2.jpg\"><img decoding=\"async\" loading=\"lazy\" class=\"alignnone size-medium wp-image-1242\" src=\"https:\/\/supermegaplus.com\/WordPress3\/wp-content\/uploads\/2015\/02\/2014-12-31-21.16.17-2-300x225.jpg\" alt=\"2014-12-31 21.16.17-2\" width=\"300\" height=\"225\" srcset=\"https:\/\/supermegaplus.com\/WordPress3\/wp-content\/uploads\/2015\/02\/2014-12-31-21.16.17-2-300x225.jpg 300w, https:\/\/supermegaplus.com\/WordPress3\/wp-content\/uploads\/2015\/02\/2014-12-31-21.16.17-2-1024x768.jpg 1024w\" sizes=\"(max-width: 300px) 100vw, 300px\" \/><\/a><\/p>\n","protected":false},"excerpt":{"rendered":"<p>Le premier de l&rsquo;an s&rsquo;est d\u00e9roul\u00e9 chez Jacques et Martine \u00e0 Boulogne Billancourt Les amis de longue date \u00e9taient pr\u00e9sents et c&rsquo;est toujours avec joie que nous retrouvons Phil et Corinne : &nbsp; Ils nous viennent de Hong Kong&#8230; &nbsp; Apr\u00e8s un repas magique sign\u00e9 Jacques, \u00a0il \u00e9tait temps de souhaiter la bonne ann\u00e9e ; &hellip; <a href=\"https:\/\/supermegaplus.com\/WordPress3\/?page_id=1241\" class=\"more-link\">Continuer la lecture de <span class=\"screen-reader-text\">Janvier 2015 -Teuf d&rsquo;enfer chez Jacques<\/span>  <span class=\"meta-nav\">&rarr;<\/span><\/a><\/p>\n","protected":false},"author":2,"featured_media":1254,"parent":1239,"menu_order":1,"comment_status":"open","ping_status":"open","template":"","meta":{"footnotes":""},"_links":{"self":[{"href":"https:\/\/supermegaplus.com\/WordPress3\/index.php?rest_route=\/wp\/v2\/pages\/1241"}],"collection":[{"href":"https:\/\/supermegaplus.com\/WordPress3\/index.php?rest_route=\/wp\/v2\/pages"}],"about":[{"href":"https:\/\/supermegaplus.com\/WordPress3\/index.php?rest_route=\/wp\/v2\/types\/page"}],"author":[{"embeddable":true,"href":"https:\/\/supermegaplus.com\/WordPress3\/index.php?rest_route=\/wp\/v2\/users\/2"}],"replies":[{"embeddable":true,"href":"https:\/\/supermegaplus.com\/WordPress3\/index.php?rest_route=%2Fwp%2Fv2%2Fcomments&post=1241"}],"version-history":[{"count":3,"href":"https:\/\/supermegaplus.com\/WordPress3\/index.php?rest_route=\/wp\/v2\/pages\/1241\/revisions"}],"predecessor-version":[{"id":1577,"href":"https:\/\/supermegaplus.com\/WordPress3\/index.php?rest_route=\/wp\/v2\/pages\/1241\/revisions\/1577"}],"up":[{"embeddable":true,"href":"https:\/\/supermegaplus.com\/WordPress3\/index.php?rest_route=\/wp\/v2\/pages\/1239"}],"wp:featuredmedia":[{"embeddable":true,"href":"https:\/\/supermegaplus.com\/WordPress3\/index.php?rest_route=\/wp\/v2\/media\/1254"}],"wp:attachment":[{"href":"https:\/\/supermegaplus.com\/WordPress3\/index.php?rest_route=%2Fwp%2Fv2%2Fmedia&parent=1241"}],"curies":[{"name":"wp","href":"https:\/\/api.w.org\/{rel}","templated":true}]}}