{"id":1171,"date":"2015-02-05T21:10:30","date_gmt":"2015-02-05T21:10:30","guid":{"rendered":"http:\/\/supermegaplus.com\/WordPress3\/?page_id=1171"},"modified":"2015-02-05T22:07:27","modified_gmt":"2015-02-05T22:07:27","slug":"2014-12-14-au-2014-12-16-florence","status":"publish","type":"page","link":"https:\/\/supermegaplus.com\/WordPress3\/?page_id=1171","title":{"rendered":"2014 12 12 au 2014 12 14 : Florence"},"content":{"rendered":"<p>Dans le cadre de son travail, Anne-france a d\u00e9croch\u00e9 le Graal en participant \u00e0 une formation GE \u00e0 Florence.<\/p>\n<p>En apprenant cette nouvelle, nous avons d\u00e9cid\u00e9 d&rsquo;en profiter pour aller visiter cette fameuse cit\u00e9 que nous n&rsquo;avions jamais vue.<\/p>\n<p>Comme cela tombait l&rsquo;ann\u00e9e des \u00ab\u00a050 ans\u00a0\u00bb, nous en avons profit\u00e9 pour inviter nos amies jeunes \u00ab\u00a0quinquat\u00a0\u00bb \u00e0 nous rejoindre pour passer un Week-end entre amis.<\/p>\n<p>Merci \u00e0 Anne et Bertrand qui ont eu la bonne id\u00e9e de nous accompagner, pour les autres, qu&rsquo;ils soient maudits jusqu&rsquo;\u00e0 la dixi\u00e8me g\u00e9n\u00e9ration (courage Jacques et Bruno).<\/p>\n<p>Notre s\u00e9jour a dur\u00e9 du :<\/p>\n<p><a title=\"2014-12-12 Florence jour 1\" href=\"https:\/\/supermegaplus.com\/WordPress3\/?p=1178\">vendredi 12 D\u00e9cembre,<\/a><\/p>\n<p><a title=\"2014-12-13 : Florence jour 2\" href=\"https:\/\/supermegaplus.com\/WordPress3\/?p=1228\">Samedi 13 D\u00e9cembre<\/a>,<\/p>\n<p><a title=\"2014-12-14 : Florence jour 3\" href=\"https:\/\/supermegaplus.com\/WordPress3\/?p=1230\">Dimanche 14 D\u00e9cembre.<\/a><\/p>\n<p>Et ce fut un bonheur&#8230;&#8230;<\/p>\n<p>&nbsp;<\/p>\n<p>Antoine<\/p>\n","protected":false},"excerpt":{"rendered":"<p>Dans le cadre de son travail, Anne-france a d\u00e9croch\u00e9 le Graal en participant \u00e0 une formation GE \u00e0 Florence. En apprenant cette nouvelle, nous avons d\u00e9cid\u00e9 d&rsquo;en profiter pour aller visiter cette fameuse cit\u00e9 que nous n&rsquo;avions jamais vue. Comme cela tombait l&rsquo;ann\u00e9e des \u00ab\u00a050 ans\u00a0\u00bb, nous en avons profit\u00e9 pour inviter nos amies jeunes &hellip; <a href=\"https:\/\/supermegaplus.com\/WordPress3\/?page_id=1171\" class=\"more-link\">Continuer la lecture de <span class=\"screen-reader-text\">2014 12 12 au 2014 12 14 : Florence<\/span>  <span class=\"meta-nav\">&rarr;<\/span><\/a><\/p>\n","protected":false},"author":2,"featured_media":0,"parent":778,"menu_order":0,"comment_status":"open","ping_status":"open","template":"","meta":{"footnotes":""},"_links":{"self":[{"href":"https:\/\/supermegaplus.com\/WordPress3\/index.php?rest_route=\/wp\/v2\/pages\/1171"}],"collection":[{"href":"https:\/\/supermegaplus.com\/WordPress3\/index.php?rest_route=\/wp\/v2\/pages"}],"about":[{"href":"https:\/\/supermegaplus.com\/WordPress3\/index.php?rest_route=\/wp\/v2\/types\/page"}],"author":[{"embeddable":true,"href":"https:\/\/supermegaplus.com\/WordPress3\/index.php?rest_route=\/wp\/v2\/users\/2"}],"replies":[{"embeddable":true,"href":"https:\/\/supermegaplus.com\/WordPress3\/index.php?rest_route=%2Fwp%2Fv2%2Fcomments&post=1171"}],"version-history":[{"count":4,"href":"https:\/\/supermegaplus.com\/WordPress3\/index.php?rest_route=\/wp\/v2\/pages\/1171\/revisions"}],"predecessor-version":[{"id":1234,"href":"https:\/\/supermegaplus.com\/WordPress3\/index.php?rest_route=\/wp\/v2\/pages\/1171\/revisions\/1234"}],"up":[{"embeddable":true,"href":"https:\/\/supermegaplus.com\/WordPress3\/index.php?rest_route=\/wp\/v2\/pages\/778"}],"wp:attachment":[{"href":"https:\/\/supermegaplus.com\/WordPress3\/index.php?rest_route=%2Fwp%2Fv2%2Fmedia&parent=1171"}],"curies":[{"name":"wp","href":"https:\/\/api.w.org\/{rel}","templated":true}]}}